{"id":86,"date":"2015-06-23T14:05:42","date_gmt":"2015-06-23T14:05:42","guid":{"rendered":"http:\/\/bordono.com\/chanson\/?page_id=86"},"modified":"2021-03-11T15:22:32","modified_gmt":"2021-03-11T15:22:32","slug":"contact","status":"publish","type":"page","link":"https:\/\/bordono.com\/chanson\/?page_id=86","title":{"rendered":"Contact"},"content":{"rendered":"<h4>Vous pouvez m&rsquo;\u00e9crire\u00a0<a href=\"mailto:gilles@bordono.com\">ici<\/a>,<\/h4>\n<h4>t\u00e9l\u00e9charger un PDF du projet <a href=\"http:\/\/bordono.com\/chanson\/documents\/Projet-chansons-Gilles-Bordonneau.pdf\" target=\"_blank\" rel=\"noopener noreferrer\">ici<\/a>,<\/h4>\n<h4>et t\u00e9l\u00e9charger mon CV complet <a href=\"http:\/\/bordono.com\/chanson\/documents\/CV-Gilles-Bordonneau-2020.pdf\" target=\"_blank\" rel=\"noopener noreferrer\">ici<\/a>.<\/h4>\n<h6><\/h6>\n<h4><\/h4>\n","protected":false},"excerpt":{"rendered":"<p>Vous pouvez m&rsquo;\u00e9crire\u00a0ici, t\u00e9l\u00e9charger un PDF du projet ici, et t\u00e9l\u00e9charger mon CV complet ici.<\/p>\n","protected":false},"author":1,"featured_media":0,"parent":0,"menu_order":7,"comment_status":"closed","ping_status":"closed","template":"","meta":[],"_links":{"self":[{"href":"https:\/\/bordono.com\/chanson\/index.php?rest_route=\/wp\/v2\/pages\/86"}],"collection":[{"href":"https:\/\/bordono.com\/chanson\/index.php?rest_route=\/wp\/v2\/pages"}],"about":[{"href":"https:\/\/bordono.com\/chanson\/index.php?rest_route=\/wp\/v2\/types\/page"}],"author":[{"embeddable":true,"href":"https:\/\/bordono.com\/chanson\/index.php?rest_route=\/wp\/v2\/users\/1"}],"replies":[{"embeddable":true,"href":"https:\/\/bordono.com\/chanson\/index.php?rest_route=%2Fwp%2Fv2%2Fcomments&post=86"}],"version-history":[{"count":6,"href":"https:\/\/bordono.com\/chanson\/index.php?rest_route=\/wp\/v2\/pages\/86\/revisions"}],"predecessor-version":[{"id":284,"href":"https:\/\/bordono.com\/chanson\/index.php?rest_route=\/wp\/v2\/pages\/86\/revisions\/284"}],"wp:attachment":[{"href":"https:\/\/bordono.com\/chanson\/index.php?rest_route=%2Fwp%2Fv2%2Fmedia&parent=86"}],"curies":[{"name":"wp","href":"https:\/\/api.w.org\/{rel}","templated":true}]}}