{"id":35,"date":"2015-06-23T10:29:10","date_gmt":"2015-06-23T10:29:10","guid":{"rendered":"http:\/\/bordono.com\/chanson\/?page_id=35"},"modified":"2017-06-08T15:28:22","modified_gmt":"2017-06-08T15:28:22","slug":"budget","status":"publish","type":"page","link":"https:\/\/bordono.com\/chanson\/?page_id=35","title":{"rendered":"Budget"},"content":{"rendered":"<p>10 h par classe, \u00e0 60 \u20ac\/h, soit 600 \u20ac par classe.<\/p>\n<p>Un forfait de 300 \u20ac par repr\u00e9sentation.<\/p>\n<p><strong>Soit au total et pour une repr\u00e9sentation\u00a0:<\/strong><\/p>\n<ul>\n<li><strong>1500 \u20ac pour 2 classes<\/strong><\/li>\n<li><strong>2100 \u20ac pour 3 classes<\/strong><\/li>\n<li><strong>&#8230;<\/strong><\/li>\n<li><strong>4500 \u20ac pour 7 classes<\/strong><\/li>\n<li><strong>&#8230;<\/strong><\/li>\n<\/ul>\n<p>Si l\u2019option \u00ab\u00a0enregistrement\u00a0\u00bb est choisie, pr\u00e9voir 1h (toujours \u00e0 60 \u20ac) par classe plus 1h suppl\u00e9mentaire pour l\u2019installation du mat\u00e9riel.<\/p>\n<h6>On peut imaginer une version \u00ab\u00a0l\u00e9g\u00e8re\u00a0\u00bb du projet, pour une seule classe.<\/h6>\n<p>Celle-ci se d\u00e9roulerait sur 7\u00a0s\u00e9ances au lieu de 10, et la repr\u00e9sentation pourrait avoir lieu dans l&rsquo;\u00e9cole pour la kermesse de fin d&rsquo;ann\u00e9e par exemple.<\/p>\n<p>Elle ne comporterait que deux chansons, et l&rsquo;histoire \u00e9crite avec les enfants.<\/p>\n<p>Budget : 7h \u00e0 60 \u20ac\/h plus un forfait de 180 \u20ac pour la prestation publique, soit 600 \u20ac<\/p>\n<p><em>Dans tous les cas, une convention est sign\u00e9e avec la Compagnie Mutine (Bordeaux &#8211; 33), ou la Compagnie Choc Trio (Lusignan &#8211; 86), qui facture la prestation et assure les salaires de l\u2019intervenant.<\/em><\/p>\n<p><a href=\"http:\/\/bordono.com\/chanson\/?page_id=28\">Objectifs<\/a>\u00a0&#8211;\u00a0<a href=\"http:\/\/bordono.com\/chanson\/?page_id=31\">D\u00e9roulement<\/a>\u00a0&#8211;\u00a0<a href=\"http:\/\/bordono.com\/chanson\/?page_id=35\">Le Budget<\/a><\/p>\n","protected":false},"excerpt":{"rendered":"<p>10 h par classe, \u00e0 60 \u20ac\/h, soit 600 \u20ac par classe. Un forfait de 300 \u20ac par repr\u00e9sentation. Soit au total et pour une repr\u00e9sentation\u00a0: 1500 \u20ac pour 2 classes 2100 \u20ac pour 3 classes &#8230; 4500 \u20ac pour 7 classes &#8230; Si l\u2019option \u00ab\u00a0enregistrement\u00a0\u00bb est choisie, pr\u00e9voir 1h (toujours \u00e0 60 \u20ac) par &hellip; <a href=\"https:\/\/bordono.com\/chanson\/?page_id=35\" class=\"more-link\">Continuer la lecture<span class=\"screen-reader-text\"> de <span class=\"screen-reader-text\">Budget<\/span><\/span>&nbsp;<span class=\"meta-nav\">&rarr;<\/span><\/a><\/p>\n","protected":false},"author":1,"featured_media":0,"parent":176,"menu_order":3,"comment_status":"closed","ping_status":"closed","template":"","meta":[],"_links":{"self":[{"href":"https:\/\/bordono.com\/chanson\/index.php?rest_route=\/wp\/v2\/pages\/35"}],"collection":[{"href":"https:\/\/bordono.com\/chanson\/index.php?rest_route=\/wp\/v2\/pages"}],"about":[{"href":"https:\/\/bordono.com\/chanson\/index.php?rest_route=\/wp\/v2\/types\/page"}],"author":[{"embeddable":true,"href":"https:\/\/bordono.com\/chanson\/index.php?rest_route=\/wp\/v2\/users\/1"}],"replies":[{"embeddable":true,"href":"https:\/\/bordono.com\/chanson\/index.php?rest_route=%2Fwp%2Fv2%2Fcomments&post=35"}],"version-history":[{"count":13,"href":"https:\/\/bordono.com\/chanson\/index.php?rest_route=\/wp\/v2\/pages\/35\/revisions"}],"predecessor-version":[{"id":243,"href":"https:\/\/bordono.com\/chanson\/index.php?rest_route=\/wp\/v2\/pages\/35\/revisions\/243"}],"up":[{"embeddable":true,"href":"https:\/\/bordono.com\/chanson\/index.php?rest_route=\/wp\/v2\/pages\/176"}],"wp:attachment":[{"href":"https:\/\/bordono.com\/chanson\/index.php?rest_route=%2Fwp%2Fv2%2Fmedia&parent=35"}],"curies":[{"name":"wp","href":"https:\/\/api.w.org\/{rel}","templated":true}]}}