{"id":285,"date":"2022-01-28T15:39:27","date_gmt":"2022-01-28T15:39:27","guid":{"rendered":"http:\/\/bordono.com\/chanson\/?page_id=285"},"modified":"2022-01-28T17:11:39","modified_gmt":"2022-01-28T17:11:39","slug":"quand-je-reve","status":"publish","type":"page","link":"https:\/\/bordono.com\/chanson\/?page_id=285","title":{"rendered":"Quand je r\u00eave"},"content":{"rendered":"<p>Une petite balade au pays des r\u00eaves, inspir\u00e9e par les tableaux de Vassili Kandinsky.<\/p>\n<p>Malgr\u00e9 les confinements successifs, nous avons pu avec la compagnie Choc Trio mener un PEAC (Projet d&rsquo;Education Artistique et Culturelle) avec deux classes de l&rsquo;\u00e9cole \u00e9l\u00e9mentaire de Tresses (33) sur l&rsquo;ann\u00e9e scolaire 2020\/2021. Un travail en lien avec le spectacle de la compagnie \u00ab\u00a0<a href=\"http:\/\/choctrio.com\/PEBM.html\">Pr\u00e9lude en Bleu Majeur<\/a>\u00a0\u00bb et les tableaux de Vassily Kandinsky.<\/p>\n<p>Nous n&rsquo;avons malheureusement pas pu restituer notre travail \u00ab\u00a0en live\u00a0\u00bb devant les parents et les familles des \u00e9l\u00e8ves, mais nous avons quand m\u00eame pu filmer et partager ces cr\u00e9ations via les \u00e9crans, et nous l&rsquo;avons finalement\u00a0m\u00eame jou\u00e9 en juin devant de reste de l&rsquo;\u00e9cole.<\/p>\n<p>Ci-dessous, la vid\u00e9o de pr\u00e9sentation de ce projet.<\/p>\n<div style=\"width: 604px;\" class=\"wp-video\"><!--[if lt IE 9]><script>document.createElement('video');<\/script><![endif]-->\n<video class=\"wp-video-shortcode\" id=\"video-285-1\" width=\"604\" height=\"340\" preload=\"metadata\" controls=\"controls\"><source type=\"video\/mp4\" src=\"http:\/\/bordono.com\/chanson\/wp-content\/uploads\/2022\/01\/Tresses-ChocTrio-VideoCom-web.mp4?_=1\" \/><a href=\"http:\/\/bordono.com\/chanson\/wp-content\/uploads\/2022\/01\/Tresses-ChocTrio-VideoCom-web.mp4\">http:\/\/bordono.com\/chanson\/wp-content\/uploads\/2022\/01\/Tresses-ChocTrio-VideoCom-web.mp4<\/a><\/video><\/div>\n<!--[if lt IE 9]><script>document.createElement('audio');<\/script><![endif]-->\n\t<div class=\"wp-playlist wp-audio-playlist wp-playlist-light\">\n\t\t\t<div class=\"wp-playlist-current-item\"><\/div>\n\t\t<audio controls=\"controls\" preload=\"none\" width=\"582\"\n\t\t\t><\/audio>\n\t<div class=\"wp-playlist-next\"><\/div>\n\t<div class=\"wp-playlist-prev\"><\/div>\n\t<noscript>\n\t<ol>\n\t\t<li><a href='https:\/\/bordono.com\/chanson\/wp-content\/uploads\/2022\/01\/01-Intro-Basile.m4a'>Intro Basile<\/a><\/li><li><a href='https:\/\/bordono.com\/chanson\/wp-content\/uploads\/2022\/01\/02-Un-dr\u00f4le-dascenseur.m4a'>Un dr\u00f4le d'ascenseur<\/a><\/li><li><a href='https:\/\/bordono.com\/chanson\/wp-content\/uploads\/2022\/01\/03-Lescalier-des-saisons.m4a'>L'escalier des saisons<\/a><\/li><li><a href='https:\/\/bordono.com\/chanson\/wp-content\/uploads\/2022\/01\/04-Ouf-Tout-est-rentr\u00e9-dans-lordre.m4a'>Ouf ! Tout est rentr\u00e9 dans l'ordre<\/a><\/li><li><a href='https:\/\/bordono.com\/chanson\/wp-content\/uploads\/2022\/01\/05-Bling-et-Pou\u00eat-.m4a'>Bling et Pou\u00eat !<\/a><\/li><li><a href='https:\/\/bordono.com\/chanson\/wp-content\/uploads\/2022\/01\/06-Transition-Basile.m4a'>Transition - Basile<\/a><\/li><li><a href='https:\/\/bordono.com\/chanson\/wp-content\/uploads\/2022\/01\/07-Gougle-et-Monsieur-Patate.m4a'>Gougle et Monsieur Patate<\/a><\/li><li><a href='https:\/\/bordono.com\/chanson\/wp-content\/uploads\/2022\/01\/08-Monsieur-Patate-veut-son-Agate.m4a'>Monsieur Patate veut son Agate<\/a><\/li><li><a href='https:\/\/bordono.com\/chanson\/wp-content\/uploads\/2022\/01\/09-Malgr\u00e9-tous-les-efforts-de-Doc-Potion.m4a'>Malgr\u00e9 tous les efforts de Doc Potion<\/a><\/li><li><a href='https:\/\/bordono.com\/chanson\/wp-content\/uploads\/2022\/01\/10-De-lautre-c\u00f4t\u00e9-du-Trou-Noir.m4a'>De l'autre c\u00f4t\u00e9 du Trou Noir<\/a><\/li><li><a href='https:\/\/bordono.com\/chanson\/wp-content\/uploads\/2022\/01\/11-Transition-finale-Basile.m4a'>Transition finale - Basile<\/a><\/li><li><a href='https:\/\/bordono.com\/chanson\/wp-content\/uploads\/2022\/01\/12-Quand-je-r\u00eave.m4a'>Quand je r\u00eave<\/a><\/li>\t<\/ol>\n\t<\/noscript>\n\t<script type=\"application\/json\" class=\"wp-playlist-script\">{\"type\":\"audio\",\"tracklist\":true,\"tracknumbers\":true,\"images\":true,\"artists\":true,\"tracks\":[{\"src\":\"https:\\\/\\\/bordono.com\\\/chanson\\\/wp-content\\\/uploads\\\/2022\\\/01\\\/01-Intro-Basile.m4a\",\"type\":\"audio\\\/mpeg\",\"title\":\"Intro Basile\",\"caption\":\"\",\"description\":\"<i>Intro Basile<\\\/i>.\",\"meta\":{\"artist\":\"\\u00c9cole \\u00c9l\\u00e9mentaire de Tresses\",\"album\":\"Quand je r\\u00eave\",\"length_formatted\":\"0:53\"},\"image\":{\"src\":\"https:\\\/\\\/bordono.com\\\/chanson\\\/wp-includes\\\/images\\\/media\\\/audio.png\",\"width\":48,\"height\":64},\"thumb\":{\"src\":\"https:\\\/\\\/bordono.com\\\/chanson\\\/wp-includes\\\/images\\\/media\\\/audio.png\",\"width\":48,\"height\":64}},{\"src\":\"https:\\\/\\\/bordono.com\\\/chanson\\\/wp-content\\\/uploads\\\/2022\\\/01\\\/02-Un-dr\\u00f4le-dascenseur.m4a\",\"type\":\"audio\\\/mpeg\",\"title\":\"Un dr\\u00f4le d'ascenseur\",\"caption\":\"\",\"description\":\"<i>Un dr\\u00f4le d'ascenseur<\\\/i>.\",\"meta\":{\"artist\":\"\\u00c9cole \\u00c9l\\u00e9mentaire de Tresses\",\"album\":\"Quand je r\\u00eave\",\"length_formatted\":\"1:33\"},\"image\":{\"src\":\"https:\\\/\\\/bordono.com\\\/chanson\\\/wp-includes\\\/images\\\/media\\\/audio.png\",\"width\":48,\"height\":64},\"thumb\":{\"src\":\"https:\\\/\\\/bordono.com\\\/chanson\\\/wp-includes\\\/images\\\/media\\\/audio.png\",\"width\":48,\"height\":64}},{\"src\":\"https:\\\/\\\/bordono.com\\\/chanson\\\/wp-content\\\/uploads\\\/2022\\\/01\\\/03-Lescalier-des-saisons.m4a\",\"type\":\"audio\\\/mpeg\",\"title\":\"L'escalier des saisons\",\"caption\":\"\",\"description\":\"<i>L'escalier des saisons<\\\/i>.\",\"meta\":{\"artist\":\"\\u00c9cole \\u00c9l\\u00e9mentaire de Tresses\",\"album\":\"Quand je r\\u00eave\",\"length_formatted\":\"3:37\"},\"image\":{\"src\":\"https:\\\/\\\/bordono.com\\\/chanson\\\/wp-includes\\\/images\\\/media\\\/audio.png\",\"width\":48,\"height\":64},\"thumb\":{\"src\":\"https:\\\/\\\/bordono.com\\\/chanson\\\/wp-includes\\\/images\\\/media\\\/audio.png\",\"width\":48,\"height\":64}},{\"src\":\"https:\\\/\\\/bordono.com\\\/chanson\\\/wp-content\\\/uploads\\\/2022\\\/01\\\/04-Ouf-Tout-est-rentr\\u00e9-dans-lordre.m4a\",\"type\":\"audio\\\/mpeg\",\"title\":\"Ouf ! Tout est rentr\\u00e9 dans l'ordre\",\"caption\":\"\",\"description\":\"<i>Ouf ! Tout est rentr\\u00e9 dans l'ordre<\\\/i>.\",\"meta\":{\"artist\":\"\\u00c9cole \\u00c9l\\u00e9mentaire de Tresses\",\"album\":\"Quand je r\\u00eave\",\"length_formatted\":\"0:56\"},\"image\":{\"src\":\"https:\\\/\\\/bordono.com\\\/chanson\\\/wp-includes\\\/images\\\/media\\\/audio.png\",\"width\":48,\"height\":64},\"thumb\":{\"src\":\"https:\\\/\\\/bordono.com\\\/chanson\\\/wp-includes\\\/images\\\/media\\\/audio.png\",\"width\":48,\"height\":64}},{\"src\":\"https:\\\/\\\/bordono.com\\\/chanson\\\/wp-content\\\/uploads\\\/2022\\\/01\\\/05-Bling-et-Pou\\u00eat-.m4a\",\"type\":\"audio\\\/mpeg\",\"title\":\"Bling et Pou\\u00eat !\",\"caption\":\"\",\"description\":\"<i>Bling et Pou\\u00eat !<\\\/i>.\",\"meta\":{\"artist\":\"\\u00c9cole \\u00c9l\\u00e9mentaire de Tresses\",\"album\":\"Quand je r\\u00eave\",\"length_formatted\":\"2:16\"},\"image\":{\"src\":\"https:\\\/\\\/bordono.com\\\/chanson\\\/wp-includes\\\/images\\\/media\\\/audio.png\",\"width\":48,\"height\":64},\"thumb\":{\"src\":\"https:\\\/\\\/bordono.com\\\/chanson\\\/wp-includes\\\/images\\\/media\\\/audio.png\",\"width\":48,\"height\":64}},{\"src\":\"https:\\\/\\\/bordono.com\\\/chanson\\\/wp-content\\\/uploads\\\/2022\\\/01\\\/06-Transition-Basile.m4a\",\"type\":\"audio\\\/mpeg\",\"title\":\"Transition - Basile\",\"caption\":\"\",\"description\":\"<i>Transition - Basile<\\\/i>.\",\"meta\":{\"artist\":\"\\u00c9cole \\u00c9l\\u00e9mentaire de Tresses\",\"album\":\"Quand je r\\u00eave\",\"length_formatted\":\"1:58\"},\"image\":{\"src\":\"https:\\\/\\\/bordono.com\\\/chanson\\\/wp-includes\\\/images\\\/media\\\/audio.png\",\"width\":48,\"height\":64},\"thumb\":{\"src\":\"https:\\\/\\\/bordono.com\\\/chanson\\\/wp-includes\\\/images\\\/media\\\/audio.png\",\"width\":48,\"height\":64}},{\"src\":\"https:\\\/\\\/bordono.com\\\/chanson\\\/wp-content\\\/uploads\\\/2022\\\/01\\\/07-Gougle-et-Monsieur-Patate.m4a\",\"type\":\"audio\\\/mpeg\",\"title\":\"Gougle et Monsieur Patate\",\"caption\":\"\",\"description\":\"<i>Gougle et Monsieur Patate<\\\/i>.\",\"meta\":{\"artist\":\"\\u00c9cole \\u00c9l\\u00e9mentaire de Tresses\",\"album\":\"Quand je r\\u00eave\",\"length_formatted\":\"1:17\"},\"image\":{\"src\":\"https:\\\/\\\/bordono.com\\\/chanson\\\/wp-includes\\\/images\\\/media\\\/audio.png\",\"width\":48,\"height\":64},\"thumb\":{\"src\":\"https:\\\/\\\/bordono.com\\\/chanson\\\/wp-includes\\\/images\\\/media\\\/audio.png\",\"width\":48,\"height\":64}},{\"src\":\"https:\\\/\\\/bordono.com\\\/chanson\\\/wp-content\\\/uploads\\\/2022\\\/01\\\/08-Monsieur-Patate-veut-son-Agate.m4a\",\"type\":\"audio\\\/mpeg\",\"title\":\"Monsieur Patate veut son Agate\",\"caption\":\"\",\"description\":\"<i>Monsieur Patate veut son Agate<\\\/i>.\",\"meta\":{\"artist\":\"\\u00c9cole \\u00c9l\\u00e9mentaire de Tresses\",\"album\":\"Quand je r\\u00eave\",\"length_formatted\":\"3:36\"},\"image\":{\"src\":\"https:\\\/\\\/bordono.com\\\/chanson\\\/wp-includes\\\/images\\\/media\\\/audio.png\",\"width\":48,\"height\":64},\"thumb\":{\"src\":\"https:\\\/\\\/bordono.com\\\/chanson\\\/wp-includes\\\/images\\\/media\\\/audio.png\",\"width\":48,\"height\":64}},{\"src\":\"https:\\\/\\\/bordono.com\\\/chanson\\\/wp-content\\\/uploads\\\/2022\\\/01\\\/09-Malgr\\u00e9-tous-les-efforts-de-Doc-Potion.m4a\",\"type\":\"audio\\\/mpeg\",\"title\":\"Malgr\\u00e9 tous les efforts de Doc Potion\",\"caption\":\"\",\"description\":\"<i>Malgr\\u00e9 tous les efforts de Doc Potion<\\\/i>.\",\"meta\":{\"artist\":\"\\u00c9cole \\u00c9l\\u00e9mentaire de Tresses\",\"album\":\"Quand je r\\u00eave\",\"length_formatted\":\"1:23\"},\"image\":{\"src\":\"https:\\\/\\\/bordono.com\\\/chanson\\\/wp-includes\\\/images\\\/media\\\/audio.png\",\"width\":48,\"height\":64},\"thumb\":{\"src\":\"https:\\\/\\\/bordono.com\\\/chanson\\\/wp-includes\\\/images\\\/media\\\/audio.png\",\"width\":48,\"height\":64}},{\"src\":\"https:\\\/\\\/bordono.com\\\/chanson\\\/wp-content\\\/uploads\\\/2022\\\/01\\\/10-De-lautre-c\\u00f4t\\u00e9-du-Trou-Noir.m4a\",\"type\":\"audio\\\/mpeg\",\"title\":\"De l'autre c\\u00f4t\\u00e9 du Trou Noir\",\"caption\":\"\",\"description\":\"<i>De l'autre c\\u00f4t\\u00e9 du Trou Noir<\\\/i>.\",\"meta\":{\"artist\":\"\\u00c9cole \\u00c9l\\u00e9mentaire de Tresses\",\"album\":\"Quand je r\\u00eave\",\"length_formatted\":\"3:15\"},\"image\":{\"src\":\"https:\\\/\\\/bordono.com\\\/chanson\\\/wp-includes\\\/images\\\/media\\\/audio.png\",\"width\":48,\"height\":64},\"thumb\":{\"src\":\"https:\\\/\\\/bordono.com\\\/chanson\\\/wp-includes\\\/images\\\/media\\\/audio.png\",\"width\":48,\"height\":64}},{\"src\":\"https:\\\/\\\/bordono.com\\\/chanson\\\/wp-content\\\/uploads\\\/2022\\\/01\\\/11-Transition-finale-Basile.m4a\",\"type\":\"audio\\\/mpeg\",\"title\":\"Transition finale - Basile\",\"caption\":\"\",\"description\":\"<i>Transition finale - Basile<\\\/i>.\",\"meta\":{\"artist\":\"\\u00c9cole \\u00c9l\\u00e9mentaire de Tresses\",\"album\":\"Quand je r\\u00eave\",\"length_formatted\":\"0:28\"},\"image\":{\"src\":\"https:\\\/\\\/bordono.com\\\/chanson\\\/wp-includes\\\/images\\\/media\\\/audio.png\",\"width\":48,\"height\":64},\"thumb\":{\"src\":\"https:\\\/\\\/bordono.com\\\/chanson\\\/wp-includes\\\/images\\\/media\\\/audio.png\",\"width\":48,\"height\":64}},{\"src\":\"https:\\\/\\\/bordono.com\\\/chanson\\\/wp-content\\\/uploads\\\/2022\\\/01\\\/12-Quand-je-r\\u00eave.m4a\",\"type\":\"audio\\\/mpeg\",\"title\":\"Quand je r\\u00eave\",\"caption\":\"\",\"description\":\"<i>Quand je r\\u00eave<\\\/i>.\",\"meta\":{\"artist\":\"\\u00c9cole \\u00c9l\\u00e9mentaire de Tresses\",\"album\":\"Quand je r\\u00eave\",\"length_formatted\":\"4:08\"},\"image\":{\"src\":\"https:\\\/\\\/bordono.com\\\/chanson\\\/wp-includes\\\/images\\\/media\\\/audio.png\",\"width\":48,\"height\":64},\"thumb\":{\"src\":\"https:\\\/\\\/bordono.com\\\/chanson\\\/wp-includes\\\/images\\\/media\\\/audio.png\",\"width\":48,\"height\":64}}]}<\/script>\n<\/div>\n\t\n","protected":false},"excerpt":{"rendered":"<p>Une petite balade au pays des r\u00eaves, inspir\u00e9e par les tableaux de Vassili Kandinsky. Malgr\u00e9 les confinements successifs, nous avons pu avec la compagnie Choc Trio mener un PEAC (Projet d&rsquo;Education Artistique et Culturelle) avec deux classes de l&rsquo;\u00e9cole \u00e9l\u00e9mentaire de Tresses (33) sur l&rsquo;ann\u00e9e scolaire 2020\/2021. Un travail en lien avec le spectacle de &hellip; <a href=\"https:\/\/bordono.com\/chanson\/?page_id=285\" class=\"more-link\">Continuer la lecture<span class=\"screen-reader-text\"> de <span class=\"screen-reader-text\">Quand je r\u00eave<\/span><\/span>&nbsp;<span class=\"meta-nav\">&rarr;<\/span><\/a><\/p>\n","protected":false},"author":1,"featured_media":0,"parent":204,"menu_order":3,"comment_status":"closed","ping_status":"closed","template":"","meta":[],"_links":{"self":[{"href":"https:\/\/bordono.com\/chanson\/index.php?rest_route=\/wp\/v2\/pages\/285"}],"collection":[{"href":"https:\/\/bordono.com\/chanson\/index.php?rest_route=\/wp\/v2\/pages"}],"about":[{"href":"https:\/\/bordono.com\/chanson\/index.php?rest_route=\/wp\/v2\/types\/page"}],"author":[{"embeddable":true,"href":"https:\/\/bordono.com\/chanson\/index.php?rest_route=\/wp\/v2\/users\/1"}],"replies":[{"embeddable":true,"href":"https:\/\/bordono.com\/chanson\/index.php?rest_route=%2Fwp%2Fv2%2Fcomments&post=285"}],"version-history":[{"count":6,"href":"https:\/\/bordono.com\/chanson\/index.php?rest_route=\/wp\/v2\/pages\/285\/revisions"}],"predecessor-version":[{"id":305,"href":"https:\/\/bordono.com\/chanson\/index.php?rest_route=\/wp\/v2\/pages\/285\/revisions\/305"}],"up":[{"embeddable":true,"href":"https:\/\/bordono.com\/chanson\/index.php?rest_route=\/wp\/v2\/pages\/204"}],"wp:attachment":[{"href":"https:\/\/bordono.com\/chanson\/index.php?rest_route=%2Fwp%2Fv2%2Fmedia&parent=285"}],"curies":[{"name":"wp","href":"https:\/\/api.w.org\/{rel}","templated":true}]}}