{"id":28,"date":"2015-06-23T10:01:32","date_gmt":"2015-06-23T10:01:32","guid":{"rendered":"http:\/\/bordono.com\/chanson\/?page_id=28"},"modified":"2017-06-08T15:28:51","modified_gmt":"2017-06-08T15:28:51","slug":"le-projet","status":"publish","type":"page","link":"https:\/\/bordono.com\/chanson\/?page_id=28","title":{"rendered":"Objectifs"},"content":{"rendered":"<ul style=\"text-align: justify;\">\n<li>D\u00e9velopper l\u2019imagination \u00e0 travers la conception et l\u2019\u00e9criture d\u2019une histoire et de chansons.<\/li>\n<li>Pratiquer le chant, utiliser la voix, parl\u00e9e et chant\u00e9e.<\/li>\n<li>Travailler sur les ambiances sonores, vocales et les bruitages.<\/li>\n<li>Produire des \u00e9crits, en prose et en versification, r\u00e9aliser un travail sur la rime et le rythme dans la phrase.<\/li>\n<li>Travailler en groupe en vue d\u2019une production collective.<\/li>\n<li>Rencontrer un(des) musicien(s) et d\u00e9couvrir les m\u00e9tiers de la cr\u00e9ation artistique.<\/li>\n<li>Produire un CD et\/ou un DVD souvenir du spectacle.<\/li>\n<\/ul>\n<p style=\"text-align: justify;\"><strong>Production Finale :<\/strong><\/p>\n<p style=\"text-align: justify;\">Un spectacle musical, avec des r\u00e9citants et des ch\u0153urs, accompagn\u00e9s par un(des) musicien(s) et des machines.<\/p>\n<p style=\"text-align: justify;\">Un enregistrement.<\/p>\n<p style=\"text-align: justify;\">\u00a0<a href=\"http:\/\/bordono.com\/chanson\/?page_id=28\">Objectifs<\/a>\u00a0&#8211;\u00a0<a href=\"http:\/\/bordono.com\/chanson\/?page_id=31\">D\u00e9roulement<\/a>\u00a0&#8211;\u00a0<a href=\"http:\/\/bordono.com\/chanson\/?page_id=35\">Le Budget<\/a><\/p>\n","protected":false},"excerpt":{"rendered":"<p>D\u00e9velopper l\u2019imagination \u00e0 travers la conception et l\u2019\u00e9criture d\u2019une histoire et de chansons. Pratiquer le chant, utiliser la voix, parl\u00e9e et chant\u00e9e. Travailler sur les ambiances sonores, vocales et les bruitages. Produire des \u00e9crits, en prose et en versification, r\u00e9aliser un travail sur la rime et le rythme dans la phrase. Travailler en groupe en &hellip; <a href=\"https:\/\/bordono.com\/chanson\/?page_id=28\" class=\"more-link\">Continuer la lecture<span class=\"screen-reader-text\"> de <span class=\"screen-reader-text\">Objectifs<\/span><\/span>&nbsp;<span class=\"meta-nav\">&rarr;<\/span><\/a><\/p>\n","protected":false},"author":1,"featured_media":0,"parent":176,"menu_order":1,"comment_status":"closed","ping_status":"closed","template":"","meta":[],"_links":{"self":[{"href":"https:\/\/bordono.com\/chanson\/index.php?rest_route=\/wp\/v2\/pages\/28"}],"collection":[{"href":"https:\/\/bordono.com\/chanson\/index.php?rest_route=\/wp\/v2\/pages"}],"about":[{"href":"https:\/\/bordono.com\/chanson\/index.php?rest_route=\/wp\/v2\/types\/page"}],"author":[{"embeddable":true,"href":"https:\/\/bordono.com\/chanson\/index.php?rest_route=\/wp\/v2\/users\/1"}],"replies":[{"embeddable":true,"href":"https:\/\/bordono.com\/chanson\/index.php?rest_route=%2Fwp%2Fv2%2Fcomments&post=28"}],"version-history":[{"count":9,"href":"https:\/\/bordono.com\/chanson\/index.php?rest_route=\/wp\/v2\/pages\/28\/revisions"}],"predecessor-version":[{"id":245,"href":"https:\/\/bordono.com\/chanson\/index.php?rest_route=\/wp\/v2\/pages\/28\/revisions\/245"}],"up":[{"embeddable":true,"href":"https:\/\/bordono.com\/chanson\/index.php?rest_route=\/wp\/v2\/pages\/176"}],"wp:attachment":[{"href":"https:\/\/bordono.com\/chanson\/index.php?rest_route=%2Fwp%2Fv2%2Fmedia&parent=28"}],"curies":[{"name":"wp","href":"https:\/\/api.w.org\/{rel}","templated":true}]}}