{"id":220,"date":"2017-06-08T15:11:50","date_gmt":"2017-06-08T15:11:50","guid":{"rendered":"http:\/\/bordono.com\/chanson\/?page_id=220"},"modified":"2017-08-27T11:36:50","modified_gmt":"2017-08-27T11:36:50","slug":"itineraires-desclaves","status":"publish","type":"page","link":"https:\/\/bordono.com\/chanson\/?page_id=220","title":{"rendered":"Itin\u00e9raires d&rsquo;esclaves"},"content":{"rendered":"<p>De septembre 2016 \u00e0 mai 2017, nous avons travaill\u00e9 avec 2 classes de 4\u00e8me SEGPA du coll\u00e8ge Pierre de Belleyme de Pauillac \u00e0 l&rsquo;\u00e9criture du spectacle \u00ab\u00a0Itin\u00e9raire d&rsquo;Esclaves\u00a0\u00bb.<\/p>\n<p>Apr\u00e8s une \u00ab\u00a0r\u00e9p\u00e9tition g\u00e9n\u00e9rale\u00a0\u00bb en public \u00e0 la f\u00eate des coll\u00e9giens, dans le parc Palmer de Cenon le 8 juin 2017, celui-ci a \u00e9t\u00e9 donn\u00e9\u00a0le 15 juin 2017 \u00e0 Pauillac, dans la salle des f\u00eates.<\/p>\n<p>Et voil\u00e0 ce que \u00e7a donne !&#8230;<br \/>\nEt plus bas, deux\u00a0articles paru dans Sud-Ouest et le journal du M\u00e9doc, suite \u00e0 la repr\u00e9sentation&#8230;<\/p>\n<!--[if lt IE 9]><script>document.createElement('audio');<\/script><![endif]-->\n\t<div class=\"wp-playlist wp-audio-playlist wp-playlist-light\">\n\t\t\t<div class=\"wp-playlist-current-item\"><\/div>\n\t\t<audio controls=\"controls\" preload=\"none\" width=\"582\"\n\t\t\t><\/audio>\n\t<div class=\"wp-playlist-next\"><\/div>\n\t<div class=\"wp-playlist-prev\"><\/div>\n\t<noscript>\n\t<ol>\n\t\t<li><a href='https:\/\/bordono.com\/chanson\/wp-content\/uploads\/2017\/06\/01-Introduction-_-Mon-histoire....mp3'>Introduction : Mon histoire...<\/a><\/li><li><a href='https:\/\/bordono.com\/chanson\/wp-content\/uploads\/2017\/06\/02-Ca-ira.mp3'>Ca ira<\/a><\/li><li><a href='https:\/\/bordono.com\/chanson\/wp-content\/uploads\/2017\/06\/03-Prisonniers.mp3'>Prisonniers<\/a><\/li><li><a href='https:\/\/bordono.com\/chanson\/wp-content\/uploads\/2017\/06\/04-Transition-2-_-Avec-ma-femme-et-mes-2-enfants....mp3'>Transition 2 : Avec ma femme et mes 2 enfants...<\/a><\/li><li><a href='https:\/\/bordono.com\/chanson\/wp-content\/uploads\/2017\/06\/05-Moi-jai-.mp3'>Moi j'ai !<\/a><\/li><li><a href='https:\/\/bordono.com\/chanson\/wp-content\/uploads\/2017\/06\/06-Transition-3-_-Cest-la-derni\u00e8re-fois....mp3'>Transition 3 : C'est la derni\u00e8re fois...<\/a><\/li><li><a href='https:\/\/bordono.com\/chanson\/wp-content\/uploads\/2017\/06\/07-La-Grande-travers\u00e9e.mp3'>La Grande travers\u00e9e<\/a><\/li><li><a href='https:\/\/bordono.com\/chanson\/wp-content\/uploads\/2017\/06\/08-Transition-4-_-Terre-en-vue....mp3'>Transition 4 : Terre en vue...<\/a><\/li><li><a href='https:\/\/bordono.com\/chanson\/wp-content\/uploads\/2017\/06\/09-Jour-de-marche.mp3'>Jour de marche<\/a><\/li><li><a href='https:\/\/bordono.com\/chanson\/wp-content\/uploads\/2017\/06\/10-Transition-5-_-Ma-femme-et-moi....mp3'>Transition 5 : Ma femme et moi...<\/a><\/li><li><a href='https:\/\/bordono.com\/chanson\/wp-content\/uploads\/2017\/06\/11-Dur-Dur-Dur.mp3'>Dur Dur Dur<\/a><\/li><li><a href='https:\/\/bordono.com\/chanson\/wp-content\/uploads\/2017\/06\/12-Transition-6-_-Apres-une-annee-entiere....mp3'>Transition 6 : Apres une annee entiere...<\/a><\/li><li><a href='https:\/\/bordono.com\/chanson\/wp-content\/uploads\/2017\/06\/13-Coupe-la-canne.mp3'>Coupe la canne<\/a><\/li>\t<\/ol>\n\t<\/noscript>\n\t<script type=\"application\/json\" class=\"wp-playlist-script\">{\"type\":\"audio\",\"tracklist\":true,\"tracknumbers\":true,\"images\":true,\"artists\":true,\"tracks\":[{\"src\":\"https:\\\/\\\/bordono.com\\\/chanson\\\/wp-content\\\/uploads\\\/2017\\\/06\\\/01-Introduction-_-Mon-histoire....mp3\",\"type\":\"audio\\\/mpeg\",\"title\":\"Introduction : Mon histoire...\",\"caption\":\"\",\"description\":\"<i>Introduction : Mon histoire...<\\\/i> tir\\u00e9 de <i>Itineraire d'esclaves<\\\/i> par 4eme SEGPA 2016\\\/2017 - COLLEGE PIERRE DE BELLEYME - PAUILLAC. Date de sortie&nbsp;: 2017. Piste 1 sur 13. Genre&nbsp;: Chanson\",\"meta\":{\"artist\":\"4eme SEGPA 2016\\\/2017 - COLLEGE PIERRE DE BELLEYME - PAUILLAC\",\"album\":\"Itineraire d'esclaves\",\"genre\":\"Chanson\",\"year\":\"2017\",\"length_formatted\":\"0:07\"},\"image\":{\"src\":\"https:\\\/\\\/bordono.com\\\/chanson\\\/wp-includes\\\/images\\\/media\\\/audio.png\",\"width\":48,\"height\":64},\"thumb\":{\"src\":\"https:\\\/\\\/bordono.com\\\/chanson\\\/wp-includes\\\/images\\\/media\\\/audio.png\",\"width\":48,\"height\":64}},{\"src\":\"https:\\\/\\\/bordono.com\\\/chanson\\\/wp-content\\\/uploads\\\/2017\\\/06\\\/02-Ca-ira.mp3\",\"type\":\"audio\\\/mpeg\",\"title\":\"Ca ira\",\"caption\":\"\",\"description\":\"<i>Ca ira<\\\/i> tir\\u00e9 de <i>Itineraire d'esclaves<\\\/i> par 4eme SEGPA 2016\\\/2017 - COLLEGE PIERRE DE BELLEYME - PAUILLAC. Date de sortie&nbsp;: 2017. Piste 2 sur 13. Genre&nbsp;: Chanson\",\"meta\":{\"artist\":\"4eme SEGPA 2016\\\/2017 - COLLEGE PIERRE DE BELLEYME - PAUILLAC\",\"album\":\"Itineraire d'esclaves\",\"genre\":\"Chanson\",\"year\":\"2017\",\"length_formatted\":\"2:37\"},\"image\":{\"src\":\"https:\\\/\\\/bordono.com\\\/chanson\\\/wp-includes\\\/images\\\/media\\\/audio.png\",\"width\":48,\"height\":64},\"thumb\":{\"src\":\"https:\\\/\\\/bordono.com\\\/chanson\\\/wp-includes\\\/images\\\/media\\\/audio.png\",\"width\":48,\"height\":64}},{\"src\":\"https:\\\/\\\/bordono.com\\\/chanson\\\/wp-content\\\/uploads\\\/2017\\\/06\\\/03-Prisonniers.mp3\",\"type\":\"audio\\\/mpeg\",\"title\":\"Prisonniers\",\"caption\":\"\",\"description\":\"<i>Prisonniers<\\\/i> tir\\u00e9 de <i>Itineraire d'esclaves<\\\/i> par 4eme SEGPA 2016\\\/2017 - COLLEGE PIERRE DE BELLEYME - PAUILLAC. Date de sortie&nbsp;: 2017. Piste 3 sur 13. Genre&nbsp;: Chanson\",\"meta\":{\"artist\":\"4eme SEGPA 2016\\\/2017 - COLLEGE PIERRE DE BELLEYME - PAUILLAC\",\"album\":\"Itineraire d'esclaves\",\"genre\":\"Chanson\",\"year\":\"2017\",\"length_formatted\":\"3:24\"},\"image\":{\"src\":\"https:\\\/\\\/bordono.com\\\/chanson\\\/wp-includes\\\/images\\\/media\\\/audio.png\",\"width\":48,\"height\":64},\"thumb\":{\"src\":\"https:\\\/\\\/bordono.com\\\/chanson\\\/wp-includes\\\/images\\\/media\\\/audio.png\",\"width\":48,\"height\":64}},{\"src\":\"https:\\\/\\\/bordono.com\\\/chanson\\\/wp-content\\\/uploads\\\/2017\\\/06\\\/04-Transition-2-_-Avec-ma-femme-et-mes-2-enfants....mp3\",\"type\":\"audio\\\/mpeg\",\"title\":\"Transition 2 : Avec ma femme et mes 2 enfants...\",\"caption\":\"\",\"description\":\"<i>Transition 2 : Avec ma femme et mes 2 enfants...<\\\/i> tir\\u00e9 de <i>Itineraire d'esclaves<\\\/i> par 4eme SEGPA 2016\\\/2017 - COLLEGE PIERRE DE BELLEYME - PAUILLAC. Date de sortie&nbsp;: 2017. Piste 4 sur 13. Genre&nbsp;: Chanson\",\"meta\":{\"artist\":\"4eme SEGPA 2016\\\/2017 - COLLEGE PIERRE DE BELLEYME - PAUILLAC\",\"album\":\"Itineraire d'esclaves\",\"genre\":\"Chanson\",\"year\":\"2017\",\"length_formatted\":\"0:20\"},\"image\":{\"src\":\"https:\\\/\\\/bordono.com\\\/chanson\\\/wp-includes\\\/images\\\/media\\\/audio.png\",\"width\":48,\"height\":64},\"thumb\":{\"src\":\"https:\\\/\\\/bordono.com\\\/chanson\\\/wp-includes\\\/images\\\/media\\\/audio.png\",\"width\":48,\"height\":64}},{\"src\":\"https:\\\/\\\/bordono.com\\\/chanson\\\/wp-content\\\/uploads\\\/2017\\\/06\\\/05-Moi-jai-.mp3\",\"type\":\"audio\\\/mpeg\",\"title\":\"Moi j'ai !\",\"caption\":\"\",\"description\":\"<i>Moi j'ai !<\\\/i> tir\\u00e9 de <i>Itineraire d'esclaves<\\\/i> par 4eme SEGPA 2016\\\/2017 - COLLEGE PIERRE DE BELLEYME - PAUILLAC. Date de sortie&nbsp;: 2017. Piste 5 sur 13. Genre&nbsp;: Chanson\",\"meta\":{\"artist\":\"4eme SEGPA 2016\\\/2017 - COLLEGE PIERRE DE BELLEYME - PAUILLAC\",\"album\":\"Itineraire d'esclaves\",\"genre\":\"Chanson\",\"year\":\"2017\",\"length_formatted\":\"3:28\"},\"image\":{\"src\":\"https:\\\/\\\/bordono.com\\\/chanson\\\/wp-includes\\\/images\\\/media\\\/audio.png\",\"width\":48,\"height\":64},\"thumb\":{\"src\":\"https:\\\/\\\/bordono.com\\\/chanson\\\/wp-includes\\\/images\\\/media\\\/audio.png\",\"width\":48,\"height\":64}},{\"src\":\"https:\\\/\\\/bordono.com\\\/chanson\\\/wp-content\\\/uploads\\\/2017\\\/06\\\/06-Transition-3-_-Cest-la-derni\\u00e8re-fois....mp3\",\"type\":\"audio\\\/mpeg\",\"title\":\"Transition 3 : C'est la derni\\u00e8re fois...\",\"caption\":\"\",\"description\":\"<i>Transition 3 : C'est la derni\\u00e8re fois...<\\\/i> tir\\u00e9 de <i>Itineraire d'esclaves<\\\/i> par 4eme SEGPA 2016\\\/2017 - COLLEGE PIERRE DE BELLEYME - PAUILLAC. Date de sortie&nbsp;: 2017. Piste 6 sur 13. Genre&nbsp;: Chanson\",\"meta\":{\"artist\":\"4eme SEGPA 2016\\\/2017 - COLLEGE PIERRE DE BELLEYME - PAUILLAC\",\"album\":\"Itineraire d'esclaves\",\"genre\":\"Chanson\",\"year\":\"2017\",\"length_formatted\":\"0:12\"},\"image\":{\"src\":\"https:\\\/\\\/bordono.com\\\/chanson\\\/wp-includes\\\/images\\\/media\\\/audio.png\",\"width\":48,\"height\":64},\"thumb\":{\"src\":\"https:\\\/\\\/bordono.com\\\/chanson\\\/wp-includes\\\/images\\\/media\\\/audio.png\",\"width\":48,\"height\":64}},{\"src\":\"https:\\\/\\\/bordono.com\\\/chanson\\\/wp-content\\\/uploads\\\/2017\\\/06\\\/07-La-Grande-travers\\u00e9e.mp3\",\"type\":\"audio\\\/mpeg\",\"title\":\"La Grande travers\\u00e9e\",\"caption\":\"\",\"description\":\"<i>La Grande travers\\u00e9e<\\\/i> tir\\u00e9 de <i>Itineraire d'esclaves<\\\/i> par 4eme SEGPA 2016\\\/2017 - COLLEGE PIERRE DE BELLEYME - PAUILLAC. Date de sortie&nbsp;: 2017. Piste 7 sur 13. Genre&nbsp;: Chanson\",\"meta\":{\"artist\":\"4eme SEGPA 2016\\\/2017 - COLLEGE PIERRE DE BELLEYME - PAUILLAC\",\"album\":\"Itineraire d'esclaves\",\"genre\":\"Chanson\",\"year\":\"2017\",\"length_formatted\":\"4:02\"},\"image\":{\"src\":\"https:\\\/\\\/bordono.com\\\/chanson\\\/wp-includes\\\/images\\\/media\\\/audio.png\",\"width\":48,\"height\":64},\"thumb\":{\"src\":\"https:\\\/\\\/bordono.com\\\/chanson\\\/wp-includes\\\/images\\\/media\\\/audio.png\",\"width\":48,\"height\":64}},{\"src\":\"https:\\\/\\\/bordono.com\\\/chanson\\\/wp-content\\\/uploads\\\/2017\\\/06\\\/08-Transition-4-_-Terre-en-vue....mp3\",\"type\":\"audio\\\/mpeg\",\"title\":\"Transition 4 : Terre en vue...\",\"caption\":\"\",\"description\":\"<i>Transition 4 : Terre en vue...<\\\/i> tir\\u00e9 de <i>Itineraire d'esclaves<\\\/i> par 4eme SEGPA 2016\\\/2017 - COLLEGE PIERRE DE BELLEYME - PAUILLAC. Date de sortie&nbsp;: 2017. Piste 8 sur 13. Genre&nbsp;: Chanson\",\"meta\":{\"artist\":\"4eme SEGPA 2016\\\/2017 - COLLEGE PIERRE DE BELLEYME - PAUILLAC\",\"album\":\"Itineraire d'esclaves\",\"genre\":\"Chanson\",\"year\":\"2017\",\"length_formatted\":\"0:26\"},\"image\":{\"src\":\"https:\\\/\\\/bordono.com\\\/chanson\\\/wp-includes\\\/images\\\/media\\\/audio.png\",\"width\":48,\"height\":64},\"thumb\":{\"src\":\"https:\\\/\\\/bordono.com\\\/chanson\\\/wp-includes\\\/images\\\/media\\\/audio.png\",\"width\":48,\"height\":64}},{\"src\":\"https:\\\/\\\/bordono.com\\\/chanson\\\/wp-content\\\/uploads\\\/2017\\\/06\\\/09-Jour-de-marche.mp3\",\"type\":\"audio\\\/mpeg\",\"title\":\"Jour de marche\",\"caption\":\"\",\"description\":\"<i>Jour de marche<\\\/i> tir\\u00e9 de <i>Itineraire d'esclaves<\\\/i> par 4eme SEGPA 2016\\\/2017 - COLLEGE PIERRE DE BELLEYME - PAUILLAC. Date de sortie&nbsp;: 2017. Piste 9 sur 13. Genre&nbsp;: Chanson\",\"meta\":{\"artist\":\"4eme SEGPA 2016\\\/2017 - COLLEGE PIERRE DE BELLEYME - PAUILLAC\",\"album\":\"Itineraire d'esclaves\",\"genre\":\"Chanson\",\"year\":\"2017\",\"length_formatted\":\"3:14\"},\"image\":{\"src\":\"https:\\\/\\\/bordono.com\\\/chanson\\\/wp-includes\\\/images\\\/media\\\/audio.png\",\"width\":48,\"height\":64},\"thumb\":{\"src\":\"https:\\\/\\\/bordono.com\\\/chanson\\\/wp-includes\\\/images\\\/media\\\/audio.png\",\"width\":48,\"height\":64}},{\"src\":\"https:\\\/\\\/bordono.com\\\/chanson\\\/wp-content\\\/uploads\\\/2017\\\/06\\\/10-Transition-5-_-Ma-femme-et-moi....mp3\",\"type\":\"audio\\\/mpeg\",\"title\":\"Transition 5 : Ma femme et moi...\",\"caption\":\"\",\"description\":\"<i>Transition 5 : Ma femme et moi...<\\\/i> tir\\u00e9 de <i>Itineraire d'esclaves<\\\/i> par 4eme SEGPA 2016\\\/2017 - COLLEGE PIERRE DE BELLEYME - PAUILLAC. Date de sortie&nbsp;: 2017. Piste 10 sur 13. Genre&nbsp;: Chanson\",\"meta\":{\"artist\":\"4eme SEGPA 2016\\\/2017 - COLLEGE PIERRE DE BELLEYME - PAUILLAC\",\"album\":\"Itineraire d'esclaves\",\"genre\":\"Chanson\",\"year\":\"2017\",\"length_formatted\":\"0:17\"},\"image\":{\"src\":\"https:\\\/\\\/bordono.com\\\/chanson\\\/wp-includes\\\/images\\\/media\\\/audio.png\",\"width\":48,\"height\":64},\"thumb\":{\"src\":\"https:\\\/\\\/bordono.com\\\/chanson\\\/wp-includes\\\/images\\\/media\\\/audio.png\",\"width\":48,\"height\":64}},{\"src\":\"https:\\\/\\\/bordono.com\\\/chanson\\\/wp-content\\\/uploads\\\/2017\\\/06\\\/11-Dur-Dur-Dur.mp3\",\"type\":\"audio\\\/mpeg\",\"title\":\"Dur Dur Dur\",\"caption\":\"\",\"description\":\"<i>Dur Dur Dur<\\\/i> tir\\u00e9 de <i>Itineraire d'esclaves<\\\/i> par 4eme SEGPA 2016\\\/2017 - COLLEGE PIERRE DE BELLEYME - PAUILLAC. Date de sortie&nbsp;: 2017. Piste 11 sur 13. Genre&nbsp;: Chanson\",\"meta\":{\"artist\":\"4eme SEGPA 2016\\\/2017 - COLLEGE PIERRE DE BELLEYME - PAUILLAC\",\"album\":\"Itineraire d'esclaves\",\"genre\":\"Chanson\",\"year\":\"2017\",\"length_formatted\":\"4:04\"},\"image\":{\"src\":\"https:\\\/\\\/bordono.com\\\/chanson\\\/wp-includes\\\/images\\\/media\\\/audio.png\",\"width\":48,\"height\":64},\"thumb\":{\"src\":\"https:\\\/\\\/bordono.com\\\/chanson\\\/wp-includes\\\/images\\\/media\\\/audio.png\",\"width\":48,\"height\":64}},{\"src\":\"https:\\\/\\\/bordono.com\\\/chanson\\\/wp-content\\\/uploads\\\/2017\\\/06\\\/12-Transition-6-_-Apres-une-annee-entiere....mp3\",\"type\":\"audio\\\/mpeg\",\"title\":\"Transition 6 : Apres une annee entiere...\",\"caption\":\"\",\"description\":\"<i>Transition 6 : Apres une annee entiere...<\\\/i> tir\\u00e9 de <i>Itineraire d'esclaves<\\\/i> par 4eme SEGPA 2016\\\/2017 - COLLEGE PIERRE DE BELLEYME - PAUILLAC. Date de sortie&nbsp;: 2017. Piste 12 sur 13. Genre&nbsp;: Chanson\",\"meta\":{\"artist\":\"4eme SEGPA 2016\\\/2017 - COLLEGE PIERRE DE BELLEYME - PAUILLAC\",\"album\":\"Itineraire d'esclaves\",\"genre\":\"Chanson\",\"year\":\"2017\",\"length_formatted\":\"0:09\"},\"image\":{\"src\":\"https:\\\/\\\/bordono.com\\\/chanson\\\/wp-includes\\\/images\\\/media\\\/audio.png\",\"width\":48,\"height\":64},\"thumb\":{\"src\":\"https:\\\/\\\/bordono.com\\\/chanson\\\/wp-includes\\\/images\\\/media\\\/audio.png\",\"width\":48,\"height\":64}},{\"src\":\"https:\\\/\\\/bordono.com\\\/chanson\\\/wp-content\\\/uploads\\\/2017\\\/06\\\/13-Coupe-la-canne.mp3\",\"type\":\"audio\\\/mpeg\",\"title\":\"Coupe la canne\",\"caption\":\"\",\"description\":\"<i>Coupe la canne<\\\/i> tir\\u00e9 de <i>Itineraire d'esclaves<\\\/i> par 4eme SEGPA 2016\\\/2017 - COLLEGE PIERRE DE BELLEYME - PAUILLAC. Date de sortie&nbsp;: 2017. Piste 13 sur 13. Genre&nbsp;: Chanson\",\"meta\":{\"artist\":\"4eme SEGPA 2016\\\/2017 - COLLEGE PIERRE DE BELLEYME - PAUILLAC\",\"album\":\"Itineraire d'esclaves\",\"genre\":\"Chanson\",\"year\":\"2017\",\"length_formatted\":\"3:32\"},\"image\":{\"src\":\"https:\\\/\\\/bordono.com\\\/chanson\\\/wp-includes\\\/images\\\/media\\\/audio.png\",\"width\":48,\"height\":64},\"thumb\":{\"src\":\"https:\\\/\\\/bordono.com\\\/chanson\\\/wp-includes\\\/images\\\/media\\\/audio.png\",\"width\":48,\"height\":64}}]}<\/script>\n<\/div>\n\t\n<p><a href=\"http:\/\/bordono.com\/chanson\/wp-content\/uploads\/2017\/06\/Article-Itin\u00e9raire-declaves-pauillac.jpg\"><img loading=\"lazy\" class=\"alignnone size-full wp-image-268\" src=\"http:\/\/bordono.com\/chanson\/wp-content\/uploads\/2017\/06\/Article-Itin\u00e9raire-declaves-pauillac.jpg\" alt=\"\" width=\"567\" height=\"1275\" srcset=\"https:\/\/bordono.com\/chanson\/wp-content\/uploads\/2017\/06\/Article-Itin\u00e9raire-declaves-pauillac.jpg 567w, https:\/\/bordono.com\/chanson\/wp-content\/uploads\/2017\/06\/Article-Itin\u00e9raire-declaves-pauillac-133x300.jpg 133w, https:\/\/bordono.com\/chanson\/wp-content\/uploads\/2017\/06\/Article-Itin\u00e9raire-declaves-pauillac-455x1024.jpg 455w\" sizes=\"(max-width: 567px) 100vw, 567px\" \/><\/a>\u00a0\u00a0<a href=\"http:\/\/bordono.com\/chanson\/wp-content\/uploads\/2017\/06\/PauillacSegpa2017-JDM.jpg\"><img loading=\"lazy\" class=\"alignnone size-full wp-image-281\" src=\"http:\/\/bordono.com\/chanson\/wp-content\/uploads\/2017\/06\/PauillacSegpa2017-JDM.jpg\" alt=\"\" width=\"1470\" height=\"3294\" srcset=\"https:\/\/bordono.com\/chanson\/wp-content\/uploads\/2017\/06\/PauillacSegpa2017-JDM.jpg 1470w, https:\/\/bordono.com\/chanson\/wp-content\/uploads\/2017\/06\/PauillacSegpa2017-JDM-134x300.jpg 134w, https:\/\/bordono.com\/chanson\/wp-content\/uploads\/2017\/06\/PauillacSegpa2017-JDM-768x1721.jpg 768w, https:\/\/bordono.com\/chanson\/wp-content\/uploads\/2017\/06\/PauillacSegpa2017-JDM-457x1024.jpg 457w\" sizes=\"(max-width: 1470px) 100vw, 1470px\" \/><\/a><\/p>\n<p>&nbsp;<\/p>\n","protected":false},"excerpt":{"rendered":"<p>De septembre 2016 \u00e0 mai 2017, nous avons travaill\u00e9 avec 2 classes de 4\u00e8me SEGPA du coll\u00e8ge Pierre de Belleyme de Pauillac \u00e0 l&rsquo;\u00e9criture du spectacle \u00ab\u00a0Itin\u00e9raire d&rsquo;Esclaves\u00a0\u00bb. Apr\u00e8s une \u00ab\u00a0r\u00e9p\u00e9tition g\u00e9n\u00e9rale\u00a0\u00bb en public \u00e0 la f\u00eate des coll\u00e9giens, dans le parc Palmer de Cenon le 8 juin 2017, celui-ci a \u00e9t\u00e9 donn\u00e9\u00a0le 15 juin &hellip; <a href=\"https:\/\/bordono.com\/chanson\/?page_id=220\" class=\"more-link\">Continuer la lecture<span class=\"screen-reader-text\"> de <span class=\"screen-reader-text\">Itin\u00e9raires d&rsquo;esclaves<\/span><\/span>&nbsp;<span class=\"meta-nav\">&rarr;<\/span><\/a><\/p>\n","protected":false},"author":1,"featured_media":0,"parent":204,"menu_order":2,"comment_status":"closed","ping_status":"closed","template":"","meta":[],"_links":{"self":[{"href":"https:\/\/bordono.com\/chanson\/index.php?rest_route=\/wp\/v2\/pages\/220"}],"collection":[{"href":"https:\/\/bordono.com\/chanson\/index.php?rest_route=\/wp\/v2\/pages"}],"about":[{"href":"https:\/\/bordono.com\/chanson\/index.php?rest_route=\/wp\/v2\/types\/page"}],"author":[{"embeddable":true,"href":"https:\/\/bordono.com\/chanson\/index.php?rest_route=\/wp\/v2\/users\/1"}],"replies":[{"embeddable":true,"href":"https:\/\/bordono.com\/chanson\/index.php?rest_route=%2Fwp%2Fv2%2Fcomments&post=220"}],"version-history":[{"count":6,"href":"https:\/\/bordono.com\/chanson\/index.php?rest_route=\/wp\/v2\/pages\/220\/revisions"}],"predecessor-version":[{"id":282,"href":"https:\/\/bordono.com\/chanson\/index.php?rest_route=\/wp\/v2\/pages\/220\/revisions\/282"}],"up":[{"embeddable":true,"href":"https:\/\/bordono.com\/chanson\/index.php?rest_route=\/wp\/v2\/pages\/204"}],"wp:attachment":[{"href":"https:\/\/bordono.com\/chanson\/index.php?rest_route=%2Fwp%2Fv2%2Fmedia&parent=220"}],"curies":[{"name":"wp","href":"https:\/\/api.w.org\/{rel}","templated":true}]}}