{"id":22,"date":"2015-06-23T09:51:30","date_gmt":"2015-06-23T09:51:30","guid":{"rendered":"http:\/\/bordono.com\/chanson\/?page_id=22"},"modified":"2017-04-11T22:28:15","modified_gmt":"2017-04-11T22:28:15","slug":"test","status":"publish","type":"page","link":"https:\/\/bordono.com\/chanson\/","title":{"rendered":"Bienvenue"},"content":{"rendered":"<p style=\"text-align: justify;\"><strong><em>Je vous propose d&rsquo;inventer des spectacles musicaux modernes, \u00e9crits avec les enfant.<\/em><\/strong><\/p>\n<p style=\"text-align: justify;\"><span style=\"color: #800000;\"><em>Inventer et raconter des histoires, chanter des chansons, taper dans ses mains, taper des pieds, autant de gestes qui devraient \u00eatre naturels, et qui aujourd\u2019hui se perdent un peu dans la jungle du num\u00e9rique et des r\u00e9seaux sociaux.<\/em><\/span><\/p>\n<p style=\"text-align: justify;\"><span style=\"color: #800000;\"><em>Et si on se refaisait une veill\u00e9e, comme au bon vieux temps\u2026<\/em><\/span><\/p>\n<!--[if lt IE 9]><script>document.createElement('audio');<\/script><![endif]-->\n<audio class=\"wp-audio-shortcode\" id=\"audio-22-1\" autoplay=\"1\" preload=\"none\" style=\"width: 100%;\" controls=\"controls\"><source type=\"audio\/mpeg\" src=\"http:\/\/bordono.com\/chanson\/wp-content\/uploads\/2015\/06\/30-On-va-leur-dire-.mp3?_=1\" \/><a href=\"http:\/\/bordono.com\/chanson\/wp-content\/uploads\/2015\/06\/30-On-va-leur-dire-.mp3\">http:\/\/bordono.com\/chanson\/wp-content\/uploads\/2015\/06\/30-On-va-leur-dire-.mp3<\/a><\/audio>\n<h5>Plusieurs formules d&rsquo;intervention sont possibles :<\/h5>\n<ul>\n<li style=\"text-align: justify; padding-left: 30px;\">Le projet \u00ab\u00a0<a href=\"http:\/\/bordono.com\/chanson\/?page_id=176\"><em><strong>C<\/strong><strong>r\u00e9ation de chansons \u00e0 l&rsquo;\u00e9cole<\/strong><\/em><\/a>\u00a0\u00bb est une collaboration entre un intervenant ext\u00e9rieur, des \u00e9l\u00e8ves de cycle 2 ou 3 et leurs enseignants.<br \/>\nIl peut concerner toutes les classes d\u2019une \u00e9cole, seulement quelques unes, une classe isol\u00e9e, des classes d\u2019\u00e9coles diff\u00e9rentes&#8230;<br \/>\nIl vise \u00e0 produire un spectacle musical, en public.<br \/>\nCe spectacle est constitu\u00e9 d\u2019une succession d\u2019\u00e9pisodes ind\u00e9pendants (un par classe) autour d\u2019un m\u00eame th\u00e8me, reli\u00e9s par des transitions (\u00e9crites par l\u2019intervenant), et aboutissant \u00e0 une chanson finale, chant\u00e9e par tous les \u00e9l\u00e8ves.<br \/>\nChaque \u00e9pisode int\u00e8gre deux chansons, du texte, des ambiances et des bruitages.<\/li>\n<li style=\"text-align: justify; padding-left: 30px;\">Le projet \u00ab\u00a0<em><strong><a href=\"http:\/\/bordono.com\/chanson\/?page_id=153\">Dr\u00f4les de Bestioles<\/a><\/strong><\/em>\u00a0\u00bb\u00a0est un spectacle d\u00e9j\u00e0 \u00e9crit, \u00e0 part la chanson finale. Il est donc beaucoup moins lourd financi\u00e8rement et en termes de planning. L&rsquo;intervenant s&rsquo;occupe de l&rsquo;apprentissage et de la r\u00e9p\u00e9tition des chansons avec les classes, et joue le r\u00f4le du conf\u00e9rencier lors de la repr\u00e9sentation.<\/li>\n<\/ul>\n","protected":false},"excerpt":{"rendered":"<p>Je vous propose d&rsquo;inventer des spectacles musicaux modernes, \u00e9crits avec les enfant. Inventer et raconter des histoires, chanter des chansons, taper dans ses mains, taper des pieds, autant de gestes qui devraient \u00eatre naturels, et qui aujourd\u2019hui se perdent un peu dans la jungle du num\u00e9rique et des r\u00e9seaux sociaux. Et si on se refaisait &hellip; <a href=\"https:\/\/bordono.com\/chanson\/\" class=\"more-link\">Continuer la lecture<span class=\"screen-reader-text\"> de <span class=\"screen-reader-text\">Bienvenue<\/span><\/span>&nbsp;<span class=\"meta-nav\">&rarr;<\/span><\/a><\/p>\n","protected":false},"author":1,"featured_media":0,"parent":0,"menu_order":0,"comment_status":"closed","ping_status":"closed","template":"","meta":[],"_links":{"self":[{"href":"https:\/\/bordono.com\/chanson\/index.php?rest_route=\/wp\/v2\/pages\/22"}],"collection":[{"href":"https:\/\/bordono.com\/chanson\/index.php?rest_route=\/wp\/v2\/pages"}],"about":[{"href":"https:\/\/bordono.com\/chanson\/index.php?rest_route=\/wp\/v2\/types\/page"}],"author":[{"embeddable":true,"href":"https:\/\/bordono.com\/chanson\/index.php?rest_route=\/wp\/v2\/users\/1"}],"replies":[{"embeddable":true,"href":"https:\/\/bordono.com\/chanson\/index.php?rest_route=%2Fwp%2Fv2%2Fcomments&post=22"}],"version-history":[{"count":14,"href":"https:\/\/bordono.com\/chanson\/index.php?rest_route=\/wp\/v2\/pages\/22\/revisions"}],"predecessor-version":[{"id":200,"href":"https:\/\/bordono.com\/chanson\/index.php?rest_route=\/wp\/v2\/pages\/22\/revisions\/200"}],"wp:attachment":[{"href":"https:\/\/bordono.com\/chanson\/index.php?rest_route=%2Fwp%2Fv2%2Fmedia&parent=22"}],"curies":[{"name":"wp","href":"https:\/\/api.w.org\/{rel}","templated":true}]}}