{"id":204,"date":"2017-06-08T14:34:27","date_gmt":"2017-06-08T14:34:27","guid":{"rendered":"http:\/\/bordono.com\/chanson\/?page_id=204"},"modified":"2017-06-08T15:26:12","modified_gmt":"2017-06-08T15:26:12","slug":"les-spectacles-2","status":"publish","type":"page","link":"https:\/\/bordono.com\/chanson\/?page_id=204","title":{"rendered":"Les Spectacles"},"content":{"rendered":"<p><a href=\"http:\/\/bordono.com\/chanson\/?page_id=40\">\u00ab\u00a0On va leur dire\u00a0\u00bb &#8211; Cycle 3 &#8211; \u00c9cole \u00e9l\u00e9mentaire Camille Claudel &#8211; Bruges &#8211; 2015<\/a><\/p>\n<p><a href=\"http:\/\/bordono.com\/chanson\/?page_id=202\">\u00ab\u00a0Autour du Monde\u00a0\u00bb &#8211; du CE1 au CM2 &#8211; \u00c9cole \u00e9l\u00e9mentaire Aim\u00e9 C\u00e9saire &#8211; Martignas sur Jalle &#8211; 2017<\/a><\/p>\n<p><a href=\"http:\/\/bordono.com\/chanson\/?page_id=220\">\u00ab\u00a0Itin\u00e9raire d&rsquo;esclaves\u00a0\u00bb &#8211; 4\u00e8me SEGPA &#8211; Coll\u00e8ge Pierre de Belleyme &#8211; Pauillac &#8211; 2017<\/a><\/p>\n<p><a href=\"http:\/\/bordono.com\/chanson\/?page_id=227\">\u00ab\u00a0Dr\u00f4les de bestioles\u00a0\u00bb &#8211; Toutes les classes &#8211; \u00c9cole \u00e9l\u00e9mentaire Somme &#8211; Bordeaux &#8211; 2017<\/a><\/p>\n","protected":false},"excerpt":{"rendered":"<p>\u00ab\u00a0On va leur dire\u00a0\u00bb &#8211; Cycle 3 &#8211; \u00c9cole \u00e9l\u00e9mentaire Camille Claudel &#8211; Bruges &#8211; 2015 \u00ab\u00a0Autour du Monde\u00a0\u00bb &#8211; du CE1 au CM2 &#8211; \u00c9cole \u00e9l\u00e9mentaire Aim\u00e9 C\u00e9saire &#8211; Martignas sur Jalle &#8211; 2017 \u00ab\u00a0Itin\u00e9raire d&rsquo;esclaves\u00a0\u00bb &#8211; 4\u00e8me SEGPA &#8211; Coll\u00e8ge Pierre de Belleyme &#8211; Pauillac &#8211; 2017 \u00ab\u00a0Dr\u00f4les de bestioles\u00a0\u00bb &#8211; Toutes les &hellip; <a href=\"https:\/\/bordono.com\/chanson\/?page_id=204\" class=\"more-link\">Continuer la lecture<span class=\"screen-reader-text\"> de <span class=\"screen-reader-text\">Les Spectacles<\/span><\/span>&nbsp;<span class=\"meta-nav\">&rarr;<\/span><\/a><\/p>\n","protected":false},"author":1,"featured_media":0,"parent":0,"menu_order":4,"comment_status":"closed","ping_status":"closed","template":"","meta":[],"_links":{"self":[{"href":"https:\/\/bordono.com\/chanson\/index.php?rest_route=\/wp\/v2\/pages\/204"}],"collection":[{"href":"https:\/\/bordono.com\/chanson\/index.php?rest_route=\/wp\/v2\/pages"}],"about":[{"href":"https:\/\/bordono.com\/chanson\/index.php?rest_route=\/wp\/v2\/types\/page"}],"author":[{"embeddable":true,"href":"https:\/\/bordono.com\/chanson\/index.php?rest_route=\/wp\/v2\/users\/1"}],"replies":[{"embeddable":true,"href":"https:\/\/bordono.com\/chanson\/index.php?rest_route=%2Fwp%2Fv2%2Fcomments&post=204"}],"version-history":[{"count":8,"href":"https:\/\/bordono.com\/chanson\/index.php?rest_route=\/wp\/v2\/pages\/204\/revisions"}],"predecessor-version":[{"id":240,"href":"https:\/\/bordono.com\/chanson\/index.php?rest_route=\/wp\/v2\/pages\/204\/revisions\/240"}],"wp:attachment":[{"href":"https:\/\/bordono.com\/chanson\/index.php?rest_route=%2Fwp%2Fv2%2Fmedia&parent=204"}],"curies":[{"name":"wp","href":"https:\/\/api.w.org\/{rel}","templated":true}]}}