{"id":184,"date":"2017-04-11T21:59:13","date_gmt":"2017-04-11T21:59:13","guid":{"rendered":"http:\/\/bordono.com\/chanson\/?page_id=184"},"modified":"2017-04-11T22:07:40","modified_gmt":"2017-04-11T22:07:40","slug":"budget","status":"publish","type":"page","link":"https:\/\/bordono.com\/chanson\/?page_id=184","title":{"rendered":"Budget"},"content":{"rendered":"<p>Le budget sera \u00e0 \u00e9tablir en fonction du nombre de classes, de la pr\u00e9sence ou non dans l&rsquo;\u00e9cole d&rsquo;un(e) enseignant(e) capable de prendre le relais des r\u00e9p\u00e9titions apr\u00e8s l&rsquo;apprentissage initial, du nombre et de la nature des repr\u00e9sentations&#8230;<br \/>\nIl faut pr\u00e9voir au minimum une heure d&rsquo;apprentissage (60 \u20ac TTC) par chanson plus 3 heures de cr\u00e9ation pour la 8\u00e8me chanson, une heure de r\u00e9p\u00e9tition par mois jusqu&rsquo;\u00e0 la (les) repr\u00e9sentation(s) et un cachet par repr\u00e9sentation (300 \u20ac TTC).<br \/>\nPar exemple pour un projet qui commence \u00e0 la rentr\u00e9e de janvier et dont la repr\u00e9sentation se passe en juin, avec un(e) enseignant assurant les r\u00e9p\u00e9titions r\u00e9guli\u00e8res, le budget total est de \u00a01200 \u20ac (12 heures d&rsquo;apprentissage-r\u00e9p\u00e9tition, 3h de cr\u00e9ation et un cachet de repr\u00e9sentation).<\/p>\n<p><em><strong>Ma prestation comprend, outre les r\u00e9p\u00e9titions et la repr\u00e9sentation :<\/strong><\/em><\/p>\n<div class=\"page\" title=\"Page 1\">\n<div class=\"layoutArea\">\n<div class=\"column\">\n<p>&#8211; l\u2019arrangement et l\u2019enregistrement des musiques pour la diffusion ;<br \/>\n&#8211; l\u2019\u00e9criture et l\u2019arrangement de la musique de la chanson finale cr\u00e9\u00e9e avec les \u00e9l\u00e8ves ; &#8211; la direction du ch\u0153ur et le r\u00f4le du conf\u00e9rencier le jour de la repr\u00e9sentation.<\/p>\n<p>Une convention sera sign\u00e9e avec la Compagnie Mutine (Bordeaux &#8211; 33) ou la compagnie Choc Trio (Lusignan &#8211; 86) qui facturera la prestation et assurera le r\u00e8glement de mes salaires.<\/p>\n<p><a href=\"http:\/\/bordono.com\/chanson\/?page_id=180\">De quoi s&rsquo;agit-il ?<\/a>\u00a0&#8211;\u00a0<a href=\"http:\/\/bordono.com\/chanson\/?page_id=178\">La Proposition<\/a>\u00a0&#8211;\u00a0<a href=\"http:\/\/bordono.com\/chanson\/?page_id=182\">Les chansons<\/a>\u00a0&#8211;\u00a0<a href=\"http:\/\/bordono.com\/chanson\/?page_id=184\">Le budget<\/a><\/p>\n<\/div>\n<\/div>\n<\/div>\n","protected":false},"excerpt":{"rendered":"<p>Le budget sera \u00e0 \u00e9tablir en fonction du nombre de classes, de la pr\u00e9sence ou non dans l&rsquo;\u00e9cole d&rsquo;un(e) enseignant(e) capable de prendre le relais des r\u00e9p\u00e9titions apr\u00e8s l&rsquo;apprentissage initial, du nombre et de la nature des repr\u00e9sentations&#8230; Il faut pr\u00e9voir au minimum une heure d&rsquo;apprentissage (60 \u20ac TTC) par chanson plus 3 heures de &hellip; <a href=\"https:\/\/bordono.com\/chanson\/?page_id=184\" class=\"more-link\">Continuer la lecture<span class=\"screen-reader-text\"> de <span class=\"screen-reader-text\">Budget<\/span><\/span>&nbsp;<span class=\"meta-nav\">&rarr;<\/span><\/a><\/p>\n","protected":false},"author":1,"featured_media":0,"parent":153,"menu_order":3,"comment_status":"closed","ping_status":"closed","template":"","meta":[],"_links":{"self":[{"href":"https:\/\/bordono.com\/chanson\/index.php?rest_route=\/wp\/v2\/pages\/184"}],"collection":[{"href":"https:\/\/bordono.com\/chanson\/index.php?rest_route=\/wp\/v2\/pages"}],"about":[{"href":"https:\/\/bordono.com\/chanson\/index.php?rest_route=\/wp\/v2\/types\/page"}],"author":[{"embeddable":true,"href":"https:\/\/bordono.com\/chanson\/index.php?rest_route=\/wp\/v2\/users\/1"}],"replies":[{"embeddable":true,"href":"https:\/\/bordono.com\/chanson\/index.php?rest_route=%2Fwp%2Fv2%2Fcomments&post=184"}],"version-history":[{"count":2,"href":"https:\/\/bordono.com\/chanson\/index.php?rest_route=\/wp\/v2\/pages\/184\/revisions"}],"predecessor-version":[{"id":191,"href":"https:\/\/bordono.com\/chanson\/index.php?rest_route=\/wp\/v2\/pages\/184\/revisions\/191"}],"up":[{"embeddable":true,"href":"https:\/\/bordono.com\/chanson\/index.php?rest_route=\/wp\/v2\/pages\/153"}],"wp:attachment":[{"href":"https:\/\/bordono.com\/chanson\/index.php?rest_route=%2Fwp%2Fv2%2Fmedia&parent=184"}],"curies":[{"name":"wp","href":"https:\/\/api.w.org\/{rel}","templated":true}]}}