{"id":182,"date":"2017-04-11T21:54:54","date_gmt":"2017-04-11T21:54:54","guid":{"rendered":"http:\/\/bordono.com\/chanson\/?page_id=182"},"modified":"2017-07-06T15:06:08","modified_gmt":"2017-07-06T15:06:08","slug":"les-chansons","status":"publish","type":"page","link":"https:\/\/bordono.com\/chanson\/?page_id=182","title":{"rendered":"Les chansons"},"content":{"rendered":"<p>La huiti\u00e8me chanson est celle que nous avons \u00e9crite avec une classe de CM1 cette ann\u00e9e dans l&rsquo;\u00e9cole.<\/p>\n<!--[if lt IE 9]><script>document.createElement('audio');<\/script><![endif]-->\n\t<div class=\"wp-playlist wp-audio-playlist wp-playlist-light\">\n\t\t\t<div class=\"wp-playlist-current-item\"><\/div>\n\t\t<audio controls=\"controls\" preload=\"none\" width=\"582\"\n\t\t\t><\/audio>\n\t<div class=\"wp-playlist-next\"><\/div>\n\t<div class=\"wp-playlist-prev\"><\/div>\n\t<noscript>\n\t<ol>\n\t\t<li><a href='https:\/\/bordono.com\/chanson\/wp-content\/uploads\/2017\/04\/01-01-Dolly-le-Dauphin-femelle.mp3'>Dolly le Dauphin femelle<\/a><\/li><li><a href='https:\/\/bordono.com\/chanson\/wp-content\/uploads\/2017\/04\/02-02-Raymond-la-Raie.mp3'>Raymond la Raie<\/a><\/li><li><a href='https:\/\/bordono.com\/chanson\/wp-content\/uploads\/2017\/04\/03-03-Mitch-la-Mygale.mp3'>Mitch la Mygale<\/a><\/li><li><a href='https:\/\/bordono.com\/chanson\/wp-content\/uploads\/2017\/04\/04-04-Falbala-la-Phacoch\u00e8re.mp3'>Falbala la Phacoch\u00e8re<\/a><\/li><li><a href='https:\/\/bordono.com\/chanson\/wp-content\/uploads\/2017\/04\/05-05-Solange-le-Solen.mp3'>Solange le Solen<\/a><\/li><li><a href='https:\/\/bordono.com\/chanson\/wp-content\/uploads\/2017\/04\/06-06-Larry-le-Lapin.mp3'>Larry le Lapin<\/a><\/li><li><a href='https:\/\/bordono.com\/chanson\/wp-content\/uploads\/2017\/04\/07-07-Simone-la-Cigogne.mp3'>Simone la Cigogne<\/a><\/li><li><a href='https:\/\/bordono.com\/chanson\/wp-content\/uploads\/2017\/04\/08-08-Dr\u00f4les-de-Bestioles-2017.mp3'>Dr\u00f4les de Bestioles 2017<\/a><\/li>\t<\/ol>\n\t<\/noscript>\n\t<script type=\"application\/json\" class=\"wp-playlist-script\">{\"type\":\"audio\",\"tracklist\":true,\"tracknumbers\":true,\"images\":true,\"artists\":true,\"tracks\":[{\"src\":\"https:\\\/\\\/bordono.com\\\/chanson\\\/wp-content\\\/uploads\\\/2017\\\/04\\\/01-01-Dolly-le-Dauphin-femelle.mp3\",\"type\":\"audio\\\/mpeg\",\"title\":\"Dolly le Dauphin femelle\",\"caption\":\"\",\"description\":\"<i>01-Dolly le Dauphin femelle<\\\/i> tir\\u00e9 de <i>Dr\\u00f4les de Bestioles<\\\/i> par Bordono. Date de sortie&nbsp;: 2017. Piste 1 sur 8.\",\"meta\":{\"artist\":\"Gilles Bordonneau\",\"album\":\"Dr\\u00f4les de Bestioles\",\"year\":\"2017\",\"length_formatted\":\"3:46\"},\"image\":{\"src\":\"https:\\\/\\\/bordono.com\\\/chanson\\\/wp-includes\\\/images\\\/media\\\/audio.png\",\"width\":48,\"height\":64},\"thumb\":{\"src\":\"https:\\\/\\\/bordono.com\\\/chanson\\\/wp-includes\\\/images\\\/media\\\/audio.png\",\"width\":48,\"height\":64}},{\"src\":\"https:\\\/\\\/bordono.com\\\/chanson\\\/wp-content\\\/uploads\\\/2017\\\/04\\\/02-02-Raymond-la-Raie.mp3\",\"type\":\"audio\\\/mpeg\",\"title\":\"Raymond la Raie\",\"caption\":\"\",\"description\":\"<i>02-Raymond la Raie<\\\/i> tir\\u00e9 de <i>Dr\\u00f4les de Bestioles<\\\/i> par Bordono. Date de sortie&nbsp;: 2017. Piste 2 sur 8.\",\"meta\":{\"artist\":\"Gilles Bordonneau\",\"album\":\"Dr\\u00f4les de Bestioles\",\"year\":\"2017\",\"length_formatted\":\"4:08\"},\"image\":{\"src\":\"https:\\\/\\\/bordono.com\\\/chanson\\\/wp-includes\\\/images\\\/media\\\/audio.png\",\"width\":48,\"height\":64},\"thumb\":{\"src\":\"https:\\\/\\\/bordono.com\\\/chanson\\\/wp-includes\\\/images\\\/media\\\/audio.png\",\"width\":48,\"height\":64}},{\"src\":\"https:\\\/\\\/bordono.com\\\/chanson\\\/wp-content\\\/uploads\\\/2017\\\/04\\\/03-03-Mitch-la-Mygale.mp3\",\"type\":\"audio\\\/mpeg\",\"title\":\"Mitch la Mygale\",\"caption\":\"\",\"description\":\"<i>03-Mitch la Mygale<\\\/i> tir\\u00e9 de <i>Dr\\u00f4les de Bestioles<\\\/i> par Bordono. Date de sortie&nbsp;: 2017. Piste 3 sur 8.\",\"meta\":{\"artist\":\"Gilles Bordonneau\",\"album\":\"Dr\\u00f4les de Bestioles\",\"year\":\"2017\",\"length_formatted\":\"3:24\"},\"image\":{\"src\":\"https:\\\/\\\/bordono.com\\\/chanson\\\/wp-includes\\\/images\\\/media\\\/audio.png\",\"width\":48,\"height\":64},\"thumb\":{\"src\":\"https:\\\/\\\/bordono.com\\\/chanson\\\/wp-includes\\\/images\\\/media\\\/audio.png\",\"width\":48,\"height\":64}},{\"src\":\"https:\\\/\\\/bordono.com\\\/chanson\\\/wp-content\\\/uploads\\\/2017\\\/04\\\/04-04-Falbala-la-Phacoch\\u00e8re.mp3\",\"type\":\"audio\\\/mpeg\",\"title\":\"Falbala la Phacoch\\u00e8re\",\"caption\":\"\",\"description\":\"<i>04-Falbala la Phacoch\\u00e8re<\\\/i> tir\\u00e9 de <i>Dr\\u00f4les de Bestioles<\\\/i> par Bordono. Date de sortie&nbsp;: 2017. Piste 4 sur 8.\",\"meta\":{\"artist\":\"Gilles Bordonneau\",\"album\":\"Dr\\u00f4les de Bestioles\",\"year\":\"2017\",\"length_formatted\":\"3:14\"},\"image\":{\"src\":\"https:\\\/\\\/bordono.com\\\/chanson\\\/wp-includes\\\/images\\\/media\\\/audio.png\",\"width\":48,\"height\":64},\"thumb\":{\"src\":\"https:\\\/\\\/bordono.com\\\/chanson\\\/wp-includes\\\/images\\\/media\\\/audio.png\",\"width\":48,\"height\":64}},{\"src\":\"https:\\\/\\\/bordono.com\\\/chanson\\\/wp-content\\\/uploads\\\/2017\\\/04\\\/05-05-Solange-le-Solen.mp3\",\"type\":\"audio\\\/mpeg\",\"title\":\"Solange le Solen\",\"caption\":\"\",\"description\":\"<i>05-Solange le Solen<\\\/i> tir\\u00e9 de <i>Dr\\u00f4les de Bestioles<\\\/i> par Bordono. Date de sortie&nbsp;: 2017. Piste 5 sur 8.\",\"meta\":{\"artist\":\"Gilles Bordonneau\",\"album\":\"Dr\\u00f4les de Bestioles\",\"year\":\"2017\",\"length_formatted\":\"3:14\"},\"image\":{\"src\":\"https:\\\/\\\/bordono.com\\\/chanson\\\/wp-includes\\\/images\\\/media\\\/audio.png\",\"width\":48,\"height\":64},\"thumb\":{\"src\":\"https:\\\/\\\/bordono.com\\\/chanson\\\/wp-includes\\\/images\\\/media\\\/audio.png\",\"width\":48,\"height\":64}},{\"src\":\"https:\\\/\\\/bordono.com\\\/chanson\\\/wp-content\\\/uploads\\\/2017\\\/04\\\/06-06-Larry-le-Lapin.mp3\",\"type\":\"audio\\\/mpeg\",\"title\":\"Larry le Lapin\",\"caption\":\"\",\"description\":\"<i>06-Larry le Lapin<\\\/i> tir\\u00e9 de <i>Dr\\u00f4les de Bestioles<\\\/i> par Bordono. Date de sortie&nbsp;: 2017. Piste 6 sur 8.\",\"meta\":{\"artist\":\"Gilles Bordonneau\",\"album\":\"Dr\\u00f4les de Bestioles\",\"year\":\"2017\",\"length_formatted\":\"3:22\"},\"image\":{\"src\":\"https:\\\/\\\/bordono.com\\\/chanson\\\/wp-includes\\\/images\\\/media\\\/audio.png\",\"width\":48,\"height\":64},\"thumb\":{\"src\":\"https:\\\/\\\/bordono.com\\\/chanson\\\/wp-includes\\\/images\\\/media\\\/audio.png\",\"width\":48,\"height\":64}},{\"src\":\"https:\\\/\\\/bordono.com\\\/chanson\\\/wp-content\\\/uploads\\\/2017\\\/04\\\/07-07-Simone-la-Cigogne.mp3\",\"type\":\"audio\\\/mpeg\",\"title\":\"Simone la Cigogne\",\"caption\":\"\",\"description\":\"<i>07-Simone la Cigogne<\\\/i> tir\\u00e9 de <i>Dr\\u00f4les de Bestioles<\\\/i> par Bordono. Date de sortie&nbsp;: 2017. Piste 7 sur 8.\",\"meta\":{\"artist\":\"Gilles Bordonneau\",\"album\":\"Dr\\u00f4les de Bestioles\",\"year\":\"2017\",\"length_formatted\":\"3:32\"},\"image\":{\"src\":\"https:\\\/\\\/bordono.com\\\/chanson\\\/wp-includes\\\/images\\\/media\\\/audio.png\",\"width\":48,\"height\":64},\"thumb\":{\"src\":\"https:\\\/\\\/bordono.com\\\/chanson\\\/wp-includes\\\/images\\\/media\\\/audio.png\",\"width\":48,\"height\":64}},{\"src\":\"https:\\\/\\\/bordono.com\\\/chanson\\\/wp-content\\\/uploads\\\/2017\\\/04\\\/08-08-Dr\\u00f4les-de-Bestioles-2017.mp3\",\"type\":\"audio\\\/mpeg\",\"title\":\"Dr\\u00f4les de Bestioles 2017\",\"caption\":\"\",\"description\":\"<i>08-Dr\\u00f4les de Bestioles 2017<\\\/i> tir\\u00e9 de <i>Dr\\u00f4les de Bestioles<\\\/i> par Bordono. Date de sortie&nbsp;: 2017. Piste 8 sur 8.\",\"meta\":{\"artist\":\"Gilles Bordonneau\",\"album\":\"Dr\\u00f4les de Bestioles\",\"year\":\"2017\",\"length_formatted\":\"4:36\"},\"image\":{\"src\":\"https:\\\/\\\/bordono.com\\\/chanson\\\/wp-includes\\\/images\\\/media\\\/audio.png\",\"width\":48,\"height\":64},\"thumb\":{\"src\":\"https:\\\/\\\/bordono.com\\\/chanson\\\/wp-includes\\\/images\\\/media\\\/audio.png\",\"width\":48,\"height\":64}}]}<\/script>\n<\/div>\n\t\n<p><a href=\"http:\/\/bordono.com\/chanson\/?page_id=180\">De quoi s&rsquo;agit-il ?<\/a>\u00a0&#8211;\u00a0<a href=\"http:\/\/bordono.com\/chanson\/?page_id=178\">La Proposition<\/a>\u00a0&#8211;\u00a0<a href=\"http:\/\/bordono.com\/chanson\/?page_id=182\">Les chansons<\/a>\u00a0&#8211;\u00a0<a href=\"http:\/\/bordono.com\/chanson\/?page_id=184\">Le budget<\/a><\/p>\n<p>&nbsp;<\/p>\n<p>&nbsp;<\/p>\n","protected":false},"excerpt":{"rendered":"<p>La huiti\u00e8me chanson est celle que nous avons \u00e9crite avec une classe de CM1 cette ann\u00e9e dans l&rsquo;\u00e9cole. De quoi s&rsquo;agit-il ?\u00a0&#8211;\u00a0La Proposition\u00a0&#8211;\u00a0Les chansons\u00a0&#8211;\u00a0Le budget &nbsp; &nbsp;<\/p>\n","protected":false},"author":1,"featured_media":0,"parent":153,"menu_order":2,"comment_status":"closed","ping_status":"closed","template":"","meta":[],"_links":{"self":[{"href":"https:\/\/bordono.com\/chanson\/index.php?rest_route=\/wp\/v2\/pages\/182"}],"collection":[{"href":"https:\/\/bordono.com\/chanson\/index.php?rest_route=\/wp\/v2\/pages"}],"about":[{"href":"https:\/\/bordono.com\/chanson\/index.php?rest_route=\/wp\/v2\/types\/page"}],"author":[{"embeddable":true,"href":"https:\/\/bordono.com\/chanson\/index.php?rest_route=\/wp\/v2\/users\/1"}],"replies":[{"embeddable":true,"href":"https:\/\/bordono.com\/chanson\/index.php?rest_route=%2Fwp%2Fv2%2Fcomments&post=182"}],"version-history":[{"count":5,"href":"https:\/\/bordono.com\/chanson\/index.php?rest_route=\/wp\/v2\/pages\/182\/revisions"}],"predecessor-version":[{"id":280,"href":"https:\/\/bordono.com\/chanson\/index.php?rest_route=\/wp\/v2\/pages\/182\/revisions\/280"}],"up":[{"embeddable":true,"href":"https:\/\/bordono.com\/chanson\/index.php?rest_route=\/wp\/v2\/pages\/153"}],"wp:attachment":[{"href":"https:\/\/bordono.com\/chanson\/index.php?rest_route=%2Fwp%2Fv2%2Fmedia&parent=182"}],"curies":[{"name":"wp","href":"https:\/\/api.w.org\/{rel}","templated":true}]}}