{"id":178,"date":"2017-04-11T21:45:41","date_gmt":"2017-04-11T21:45:41","guid":{"rendered":"http:\/\/bordono.com\/chanson\/?page_id=178"},"modified":"2017-04-11T22:07:09","modified_gmt":"2017-04-11T22:07:09","slug":"la-proposition","status":"publish","type":"page","link":"https:\/\/bordono.com\/chanson\/?page_id=178","title":{"rendered":"La proposition"},"content":{"rendered":"<h3>LA PROPOSITION :<\/h3>\n<p>Monter ce spectacle avec toutes les classes de l\u2019\u00e9cole, pour le pr\u00e9senter le jour de la kermesse.<br \/>\nUne classe (cycle 3) aura la t\u00e2che suppl\u00e9mentaire d\u2019\u00e9crire avec moi la chanson finale, une chanson g\u00e9n\u00e9rique sur les dr\u00f4les de bestioles.<\/p>\n<h3>MES INTERVENTIONS :<\/h3>\n<p><strong>POUR L&rsquo;APPRENTISSAGE ET LES R\u00c9P\u00c9TITIONS :<\/strong><br \/>\n&#8211; 7h en semaines cons\u00e9cutives pour le premier apprentissage des chansons ;<br \/>\n&#8211; 1h suppl\u00e9mentaire quand la chanson finale sera \u00e9crite ;<br \/>\n&#8211; Si un(e) enseignant(e) peut diriger les s\u00e9ances de r\u00e9p\u00e9tition r\u00e9guli\u00e8res pour assurer la continuit\u00e9 de l\u2019apprentissage des chansons et \u00ab faire tourner \u00bb le r\u00e9pertoire, 1h par mois restant avant la repr\u00e9sentation pour r\u00e9p\u00e9ter l\u2019ensemble.<br \/>\n&#8211; Si personne ne prend en charge ces r\u00e9p\u00e9titions, je peux assurer celles-ci toutes les semaines, ou une semaine sur deux.<\/p>\n<p><a href=\"http:\/\/bordono.com\/chanson\/?page_id=180\">De quoi s&rsquo;agit-il ?<\/a>\u00a0&#8211;\u00a0<a href=\"http:\/\/bordono.com\/chanson\/?page_id=178\">La Proposition<\/a>\u00a0&#8211;\u00a0<a href=\"http:\/\/bordono.com\/chanson\/?page_id=182\">Les chansons<\/a>\u00a0&#8211;\u00a0<a href=\"http:\/\/bordono.com\/chanson\/?page_id=184\">Le budget<\/a><\/p>\n","protected":false},"excerpt":{"rendered":"<p>LA PROPOSITION : Monter ce spectacle avec toutes les classes de l\u2019\u00e9cole, pour le pr\u00e9senter le jour de la kermesse. Une classe (cycle 3) aura la t\u00e2che suppl\u00e9mentaire d\u2019\u00e9crire avec moi la chanson finale, une chanson g\u00e9n\u00e9rique sur les dr\u00f4les de bestioles. MES INTERVENTIONS : POUR L&rsquo;APPRENTISSAGE ET LES R\u00c9P\u00c9TITIONS : &#8211; 7h en semaines &hellip; <a href=\"https:\/\/bordono.com\/chanson\/?page_id=178\" class=\"more-link\">Continuer la lecture<span class=\"screen-reader-text\"> de <span class=\"screen-reader-text\">La proposition<\/span><\/span>&nbsp;<span class=\"meta-nav\">&rarr;<\/span><\/a><\/p>\n","protected":false},"author":1,"featured_media":0,"parent":153,"menu_order":0,"comment_status":"closed","ping_status":"closed","template":"","meta":[],"_links":{"self":[{"href":"https:\/\/bordono.com\/chanson\/index.php?rest_route=\/wp\/v2\/pages\/178"}],"collection":[{"href":"https:\/\/bordono.com\/chanson\/index.php?rest_route=\/wp\/v2\/pages"}],"about":[{"href":"https:\/\/bordono.com\/chanson\/index.php?rest_route=\/wp\/v2\/types\/page"}],"author":[{"embeddable":true,"href":"https:\/\/bordono.com\/chanson\/index.php?rest_route=\/wp\/v2\/users\/1"}],"replies":[{"embeddable":true,"href":"https:\/\/bordono.com\/chanson\/index.php?rest_route=%2Fwp%2Fv2%2Fcomments&post=178"}],"version-history":[{"count":2,"href":"https:\/\/bordono.com\/chanson\/index.php?rest_route=\/wp\/v2\/pages\/178\/revisions"}],"predecessor-version":[{"id":189,"href":"https:\/\/bordono.com\/chanson\/index.php?rest_route=\/wp\/v2\/pages\/178\/revisions\/189"}],"up":[{"embeddable":true,"href":"https:\/\/bordono.com\/chanson\/index.php?rest_route=\/wp\/v2\/pages\/153"}],"wp:attachment":[{"href":"https:\/\/bordono.com\/chanson\/index.php?rest_route=%2Fwp%2Fv2%2Fmedia&parent=178"}],"curies":[{"name":"wp","href":"https:\/\/api.w.org\/{rel}","templated":true}]}}