{"id":176,"date":"2017-04-11T21:41:06","date_gmt":"2017-04-11T21:41:06","guid":{"rendered":"http:\/\/bordono.com\/chanson\/?page_id=176"},"modified":"2017-06-08T15:29:05","modified_gmt":"2017-06-08T15:29:05","slug":"creation","status":"publish","type":"page","link":"https:\/\/bordono.com\/chanson\/?page_id=176","title":{"rendered":"Cr\u00e9ation"},"content":{"rendered":"<p>Cr\u00e9er un spectacle de bout en bout avec les enfants et leurs enseignants.<br \/>\nUn travail r\u00e9gulier, sur l&rsquo;ann\u00e9e scolaire, pour aboutir \u00e0 une ou des repr\u00e9sentation(s) publique(s).<\/p>\n<p>Apr\u00e8s \u00ab\u00a0On va leur dire\u00a0\u00bb en 2014\/2015 avec les 7 classes \u00a0de cycle 3 de l&rsquo;\u00e9cole Camille Claudel de Bruges, je travaille cette ann\u00e9e \u00e0 la cr\u00e9ation de \u00ab\u00a0Autour du Monde\u00a0\u00bb avec 4 classes de l&rsquo;\u00e9cole Aim\u00e9 C\u00e9saire de Martignas-sur-Jalle.<\/p>\n<p>Je travaille aussi avec deux classes de 4\u00e8me SEGPA du coll\u00e8ge Pierre de Belleyme de Pauillac (33) \u00e0 la cr\u00e9ation du spectacle \u00ab\u00a0Itin\u00e9raires d&rsquo;Esclaves\u00a0\u00bb. Celui-ci a \u00e9t\u00e9 retenu pour la programmation de la f\u00eate des coll\u00e9giens 2017 \u00e0 Cenon (33) au mois de juin prochain.<\/p>\n<p><a href=\"http:\/\/bordono.com\/chanson\/?page_id=28\">Objectifs<\/a> &#8211; <a href=\"http:\/\/bordono.com\/chanson\/?page_id=31\">D\u00e9roulement<\/a> &#8211; <a href=\"http:\/\/bordono.com\/chanson\/?page_id=35\">Le Budget<\/a><\/p>\n","protected":false},"excerpt":{"rendered":"<p>Cr\u00e9er un spectacle de bout en bout avec les enfants et leurs enseignants. Un travail r\u00e9gulier, sur l&rsquo;ann\u00e9e scolaire, pour aboutir \u00e0 une ou des repr\u00e9sentation(s) publique(s). Apr\u00e8s \u00ab\u00a0On va leur dire\u00a0\u00bb en 2014\/2015 avec les 7 classes \u00a0de cycle 3 de l&rsquo;\u00e9cole Camille Claudel de Bruges, je travaille cette ann\u00e9e \u00e0 la cr\u00e9ation de &hellip; <a href=\"https:\/\/bordono.com\/chanson\/?page_id=176\" class=\"more-link\">Continuer la lecture<span class=\"screen-reader-text\"> de <span class=\"screen-reader-text\">Cr\u00e9ation<\/span><\/span>&nbsp;<span class=\"meta-nav\">&rarr;<\/span><\/a><\/p>\n","protected":false},"author":1,"featured_media":0,"parent":0,"menu_order":1,"comment_status":"closed","ping_status":"closed","template":"","meta":[],"_links":{"self":[{"href":"https:\/\/bordono.com\/chanson\/index.php?rest_route=\/wp\/v2\/pages\/176"}],"collection":[{"href":"https:\/\/bordono.com\/chanson\/index.php?rest_route=\/wp\/v2\/pages"}],"about":[{"href":"https:\/\/bordono.com\/chanson\/index.php?rest_route=\/wp\/v2\/types\/page"}],"author":[{"embeddable":true,"href":"https:\/\/bordono.com\/chanson\/index.php?rest_route=\/wp\/v2\/users\/1"}],"replies":[{"embeddable":true,"href":"https:\/\/bordono.com\/chanson\/index.php?rest_route=%2Fwp%2Fv2%2Fcomments&post=176"}],"version-history":[{"count":5,"href":"https:\/\/bordono.com\/chanson\/index.php?rest_route=\/wp\/v2\/pages\/176\/revisions"}],"predecessor-version":[{"id":246,"href":"https:\/\/bordono.com\/chanson\/index.php?rest_route=\/wp\/v2\/pages\/176\/revisions\/246"}],"wp:attachment":[{"href":"https:\/\/bordono.com\/chanson\/index.php?rest_route=%2Fwp%2Fv2%2Fmedia&parent=176"}],"curies":[{"name":"wp","href":"https:\/\/api.w.org\/{rel}","templated":true}]}}