{"id":153,"date":"2017-04-11T21:26:15","date_gmt":"2017-04-11T21:26:15","guid":{"rendered":"http:\/\/bordono.com\/chanson\/?page_id=153"},"modified":"2017-06-08T19:19:47","modified_gmt":"2017-06-08T19:19:47","slug":"droles-de-bestioles","status":"publish","type":"page","link":"https:\/\/bordono.com\/chanson\/?page_id=153","title":{"rendered":"Dr\u00f4les de Bestioles"},"content":{"rendered":"<h3><img loading=\"lazy\" class=\"alignnone size-full wp-image-154\" src=\"http:\/\/bordono.com\/chanson\/wp-content\/uploads\/2017\/04\/ddb.jpg\" alt=\"ddb\" width=\"239\" height=\"31\" \/><\/h3>\n<p><em><strong>Conf\u00e9rence zoologico-musicale azimut\u00e9e<\/strong><\/em><\/p>\n<div class=\"page\" style=\"text-align: justify;\" title=\"Page 1\">\n<div class=\"layoutArea\">\n<div class=\"column\">\n<p>Une\u00a0histoire &#8211; sept\u00a0chansons &#8211; sept\u00a0morales<br \/>\nUne\u00a0 8\u00e8me chanson \u00e0 cr\u00e9er pour un final personnalis\u00e9.<\/p>\n<p>Le 30\u00a0juin 2017, les Dr\u00f4les de Bestioles seront cr\u00e9\u00e9es pour la f\u00eate de l&rsquo;\u00e9cole Somme \u00e0 Bordeaux (33)<\/p>\n<p><a href=\"http:\/\/bordono.com\/chanson\/?page_id=180\">De quoi s&rsquo;agit-il ?<\/a> &#8211; <a href=\"http:\/\/bordono.com\/chanson\/?page_id=178\">La Proposition<\/a> &#8211; <a href=\"http:\/\/bordono.com\/chanson\/?page_id=182\">Les chansons<\/a> &#8211; <a href=\"http:\/\/bordono.com\/chanson\/?page_id=184\">Le budget<\/a><\/p>\n<h3><\/h3>\n<\/div>\n<\/div>\n<\/div>\n","protected":false},"excerpt":{"rendered":"<p>Conf\u00e9rence zoologico-musicale azimut\u00e9e Une\u00a0histoire &#8211; sept\u00a0chansons &#8211; sept\u00a0morales Une\u00a0 8\u00e8me chanson \u00e0 cr\u00e9er pour un final personnalis\u00e9. Le 30\u00a0juin 2017, les Dr\u00f4les de Bestioles seront cr\u00e9\u00e9es pour la f\u00eate de l&rsquo;\u00e9cole Somme \u00e0 Bordeaux (33) De quoi s&rsquo;agit-il ? &#8211; La Proposition &#8211; Les chansons &#8211; Le budget<\/p>\n","protected":false},"author":1,"featured_media":0,"parent":0,"menu_order":2,"comment_status":"closed","ping_status":"closed","template":"","meta":[],"_links":{"self":[{"href":"https:\/\/bordono.com\/chanson\/index.php?rest_route=\/wp\/v2\/pages\/153"}],"collection":[{"href":"https:\/\/bordono.com\/chanson\/index.php?rest_route=\/wp\/v2\/pages"}],"about":[{"href":"https:\/\/bordono.com\/chanson\/index.php?rest_route=\/wp\/v2\/types\/page"}],"author":[{"embeddable":true,"href":"https:\/\/bordono.com\/chanson\/index.php?rest_route=\/wp\/v2\/users\/1"}],"replies":[{"embeddable":true,"href":"https:\/\/bordono.com\/chanson\/index.php?rest_route=%2Fwp%2Fv2%2Fcomments&post=153"}],"version-history":[{"count":15,"href":"https:\/\/bordono.com\/chanson\/index.php?rest_route=\/wp\/v2\/pages\/153\/revisions"}],"predecessor-version":[{"id":248,"href":"https:\/\/bordono.com\/chanson\/index.php?rest_route=\/wp\/v2\/pages\/153\/revisions\/248"}],"wp:attachment":[{"href":"https:\/\/bordono.com\/chanson\/index.php?rest_route=%2Fwp%2Fv2%2Fmedia&parent=153"}],"curies":[{"name":"wp","href":"https:\/\/api.w.org\/{rel}","templated":true}]}}